{"id":3253,"date":"2018-09-20T09:31:17","date_gmt":"2018-09-20T09:31:17","guid":{"rendered":"http:\/\/www.hfc1912.hu\/new\/?page_id=3253"},"modified":"2024-02-02T10:07:10","modified_gmt":"2024-02-02T10:07:10","slug":"palyaink","status":"publish","type":"page","link":"http:\/\/www.hfc1912.hu\/new\/palyaink\/","title":{"rendered":"P\u00e1ly\u00e1ink"},"content":{"rendered":"<p><strong>Center p\u00e1lya:<\/strong><\/p>\n<p><img loading=\"lazy\" class=\"size-full wp-image-3283 aligncenter\" src=\"http:\/\/www.hfc1912.hu\/new\/wp-content\/uploads\/2018\/09\/nagyfuves-palya.jpg\" alt=\"\" width=\"960\" height=\"720\" srcset=\"http:\/\/www.hfc1912.hu\/new\/wp-content\/uploads\/2018\/09\/nagyfuves-palya.jpg 960w, http:\/\/www.hfc1912.hu\/new\/wp-content\/uploads\/2018\/09\/nagyfuves-palya-320x240.jpg 320w, http:\/\/www.hfc1912.hu\/new\/wp-content\/uploads\/2018\/09\/nagyfuves-palya-300x225.jpg 300w, http:\/\/www.hfc1912.hu\/new\/wp-content\/uploads\/2018\/09\/nagyfuves-palya-768x576.jpg 768w, http:\/\/www.hfc1912.hu\/new\/wp-content\/uploads\/2018\/09\/nagyfuves-palya-128x96.jpg 128w, http:\/\/www.hfc1912.hu\/new\/wp-content\/uploads\/2018\/09\/nagyfuves-palya-32x24.jpg 32w, http:\/\/www.hfc1912.hu\/new\/wp-content\/uploads\/2018\/09\/nagyfuves-palya-1x1.jpg 1w\" sizes=\"(max-width: 960px) 100vw, 960px\" \/><\/p>\n<p><strong>Nagy m\u0171f\u00fcves p\u00e1lya:<\/strong><\/p>\n<p><img loading=\"lazy\" class=\"aligncenter size-full wp-image-3287\" src=\"http:\/\/www.hfc1912.hu\/new\/wp-content\/uploads\/2018\/09\/nagy-mufuves-palya.jpg\" alt=\"\" width=\"960\" height=\"720\" srcset=\"http:\/\/www.hfc1912.hu\/new\/wp-content\/uploads\/2018\/09\/nagy-mufuves-palya.jpg 960w, http:\/\/www.hfc1912.hu\/new\/wp-content\/uploads\/2018\/09\/nagy-mufuves-palya-320x240.jpg 320w, http:\/\/www.hfc1912.hu\/new\/wp-content\/uploads\/2018\/09\/nagy-mufuves-palya-300x225.jpg 300w, http:\/\/www.hfc1912.hu\/new\/wp-content\/uploads\/2018\/09\/nagy-mufuves-palya-768x576.jpg 768w, http:\/\/www.hfc1912.hu\/new\/wp-content\/uploads\/2018\/09\/nagy-mufuves-palya-128x96.jpg 128w, http:\/\/www.hfc1912.hu\/new\/wp-content\/uploads\/2018\/09\/nagy-mufuves-palya-32x24.jpg 32w, http:\/\/www.hfc1912.hu\/new\/wp-content\/uploads\/2018\/09\/nagy-mufuves-palya-1x1.jpg 1w\" sizes=\"(max-width: 960px) 100vw, 960px\" \/><\/p>\n<p><strong>H\u00e1ts\u00f3 f\u00fcves p\u00e1lya:<\/strong><\/p>\n<p><img loading=\"lazy\" class=\"aligncenter size-full wp-image-3284\" src=\"http:\/\/www.hfc1912.hu\/new\/wp-content\/uploads\/2018\/09\/hatso-fuves-palya.jpg\" alt=\"\" width=\"960\" height=\"720\" srcset=\"http:\/\/www.hfc1912.hu\/new\/wp-content\/uploads\/2018\/09\/hatso-fuves-palya.jpg 960w, http:\/\/www.hfc1912.hu\/new\/wp-content\/uploads\/2018\/09\/hatso-fuves-palya-320x240.jpg 320w, http:\/\/www.hfc1912.hu\/new\/wp-content\/uploads\/2018\/09\/hatso-fuves-palya-300x225.jpg 300w, http:\/\/www.hfc1912.hu\/new\/wp-content\/uploads\/2018\/09\/hatso-fuves-palya-768x576.jpg 768w, http:\/\/www.hfc1912.hu\/new\/wp-content\/uploads\/2018\/09\/hatso-fuves-palya-128x96.jpg 128w, http:\/\/www.hfc1912.hu\/new\/wp-content\/uploads\/2018\/09\/hatso-fuves-palya-32x24.jpg 32w, http:\/\/www.hfc1912.hu\/new\/wp-content\/uploads\/2018\/09\/hatso-fuves-palya-1x1.jpg 1w\" sizes=\"(max-width: 960px) 100vw, 960px\" \/><\/p>\n<p><strong>Csarnok:<\/strong><\/p>\n<h2><img loading=\"lazy\" class=\"aligncenter size-full wp-image-3286\" src=\"http:\/\/www.hfc1912.hu\/new\/wp-content\/uploads\/2018\/09\/csarnok.jpg\" alt=\"\" width=\"960\" height=\"720\" srcset=\"http:\/\/www.hfc1912.hu\/new\/wp-content\/uploads\/2018\/09\/csarnok.jpg 960w, http:\/\/www.hfc1912.hu\/new\/wp-content\/uploads\/2018\/09\/csarnok-320x240.jpg 320w, http:\/\/www.hfc1912.hu\/new\/wp-content\/uploads\/2018\/09\/csarnok-300x225.jpg 300w, http:\/\/www.hfc1912.hu\/new\/wp-content\/uploads\/2018\/09\/csarnok-768x576.jpg 768w, http:\/\/www.hfc1912.hu\/new\/wp-content\/uploads\/2018\/09\/csarnok-128x96.jpg 128w, http:\/\/www.hfc1912.hu\/new\/wp-content\/uploads\/2018\/09\/csarnok-32x24.jpg 32w, http:\/\/www.hfc1912.hu\/new\/wp-content\/uploads\/2018\/09\/csarnok-1x1.jpg 1w\" sizes=\"(max-width: 960px) 100vw, 960px\" \/><\/h2>\n\n\n<p><strong>Ketrec:<\/strong><\/p>\n\n\n\n<figure class=\"wp-block-image size-full\"><img loading=\"lazy\" width=\"960\" height=\"720\" src=\"http:\/\/www.hfc1912.hu\/new\/wp-content\/uploads\/2018\/09\/kis-muvufes-palya.jpg\" alt=\"\" class=\"wp-image-3285\" srcset=\"http:\/\/www.hfc1912.hu\/new\/wp-content\/uploads\/2018\/09\/kis-muvufes-palya.jpg 960w, http:\/\/www.hfc1912.hu\/new\/wp-content\/uploads\/2018\/09\/kis-muvufes-palya-320x240.jpg 320w, http:\/\/www.hfc1912.hu\/new\/wp-content\/uploads\/2018\/09\/kis-muvufes-palya-300x225.jpg 300w, http:\/\/www.hfc1912.hu\/new\/wp-content\/uploads\/2018\/09\/kis-muvufes-palya-768x576.jpg 768w, http:\/\/www.hfc1912.hu\/new\/wp-content\/uploads\/2018\/09\/kis-muvufes-palya-128x96.jpg 128w, http:\/\/www.hfc1912.hu\/new\/wp-content\/uploads\/2018\/09\/kis-muvufes-palya-32x24.jpg 32w, http:\/\/www.hfc1912.hu\/new\/wp-content\/uploads\/2018\/09\/kis-muvufes-palya-1x1.jpg 1w\" sizes=\"(max-width: 960px) 100vw, 960px\" \/><\/figure>\n","protected":false},"excerpt":{"rendered":"<p>Center p\u00e1lya: Nagy m\u0171f\u00fcves p\u00e1lya: H\u00e1ts\u00f3 f\u00fcves p\u00e1lya: Csarnok: Ketrec:<\/p>\n","protected":false},"author":1,"featured_media":0,"parent":0,"menu_order":0,"comment_status":"closed","ping_status":"closed","template":"","meta":[],"yoast_head":"<!-- This site is optimized with the Yoast SEO plugin v19.8 - https:\/\/yoast.com\/wordpress\/plugins\/seo\/ -->\n<title>P\u00e1ly\u00e1ink - H\u00f3dmez\u0151v\u00e1s\u00e1rhelyi Futball Club<\/title>\n<meta name=\"robots\" content=\"index, follow, max-snippet:-1, max-image-preview:large, max-video-preview:-1\" \/>\n<link rel=\"canonical\" href=\"http:\/\/www.hfc1912.hu\/new\/palyaink\/\" \/>\n<meta property=\"og:locale\" content=\"hu_HU\" \/>\n<meta property=\"og:type\" content=\"article\" \/>\n<meta property=\"og:title\" content=\"P\u00e1ly\u00e1ink - H\u00f3dmez\u0151v\u00e1s\u00e1rhelyi Futball Club\" \/>\n<meta property=\"og:description\" content=\"Center p\u00e1lya: Nagy m\u0171f\u00fcves p\u00e1lya: H\u00e1ts\u00f3 f\u00fcves p\u00e1lya: Csarnok: Ketrec:\" \/>\n<meta property=\"og:url\" content=\"http:\/\/www.hfc1912.hu\/new\/palyaink\/\" \/>\n<meta property=\"og:site_name\" content=\"H\u00f3dmez\u0151v\u00e1s\u00e1rhelyi Futball Club\" \/>\n<meta property=\"article:modified_time\" content=\"2024-02-02T10:07:10+00:00\" \/>\n<meta property=\"og:image\" content=\"http:\/\/www.hfc1912.hu\/new\/wp-content\/uploads\/2018\/09\/nagyfuves-palya.jpg\" \/>\n<meta name=\"twitter:card\" content=\"summary_large_image\" \/>\n<meta name=\"twitter:label1\" content=\"Est. reading time\" \/>\n\t<meta name=\"twitter:data1\" content=\"2 perc\" \/>\n<script type=\"application\/ld+json\" class=\"yoast-schema-graph\">{\"@context\":\"https:\/\/schema.org\",\"@graph\":[{\"@type\":\"WebPage\",\"@id\":\"http:\/\/www.hfc1912.hu\/new\/palyaink\/\",\"url\":\"http:\/\/www.hfc1912.hu\/new\/palyaink\/\",\"name\":\"P\u00e1ly\u00e1ink - H\u00f3dmez\u0151v\u00e1s\u00e1rhelyi Futball Club\",\"isPartOf\":{\"@id\":\"http:\/\/www.hfc1912.hu\/new\/#website\"},\"datePublished\":\"2018-09-20T09:31:17+00:00\",\"dateModified\":\"2024-02-02T10:07:10+00:00\",\"breadcrumb\":{\"@id\":\"http:\/\/www.hfc1912.hu\/new\/palyaink\/#breadcrumb\"},\"inLanguage\":\"hu\",\"potentialAction\":[{\"@type\":\"ReadAction\",\"target\":[\"http:\/\/www.hfc1912.hu\/new\/palyaink\/\"]}]},{\"@type\":\"BreadcrumbList\",\"@id\":\"http:\/\/www.hfc1912.hu\/new\/palyaink\/#breadcrumb\",\"itemListElement\":[{\"@type\":\"ListItem\",\"position\":1,\"name\":\"Home\",\"item\":\"http:\/\/www.hfc1912.hu\/new\/\"},{\"@type\":\"ListItem\",\"position\":2,\"name\":\"P\u00e1ly\u00e1ink\"}]},{\"@type\":\"WebSite\",\"@id\":\"http:\/\/www.hfc1912.hu\/new\/#website\",\"url\":\"http:\/\/www.hfc1912.hu\/new\/\",\"name\":\"H\u00f3dmez\u0151v\u00e1s\u00e1rhelyi Futball Club\",\"description\":\"H\u00f3dmez\u0151v\u00e1s\u00e1rhelyi Futball Club hivatalos honlapja\",\"publisher\":{\"@id\":\"http:\/\/www.hfc1912.hu\/new\/#organization\"},\"potentialAction\":[{\"@type\":\"SearchAction\",\"target\":{\"@type\":\"EntryPoint\",\"urlTemplate\":\"http:\/\/www.hfc1912.hu\/new\/?s={search_term_string}\"},\"query-input\":\"required name=search_term_string\"}],\"inLanguage\":\"hu\"},{\"@type\":\"Organization\",\"@id\":\"http:\/\/www.hfc1912.hu\/new\/#organization\",\"name\":\"H\u00f3dmez\u0151v\u00e1s\u00e1rhelyi Futball Club\",\"url\":\"http:\/\/www.hfc1912.hu\/new\/\",\"sameAs\":[],\"logo\":{\"@type\":\"ImageObject\",\"inLanguage\":\"hu\",\"@id\":\"http:\/\/www.hfc1912.hu\/new\/#\/schema\/logo\/image\/\",\"url\":\"http:\/\/www.hfc1912.hu\/new\/wp-content\/uploads\/2021\/12\/cropped-V\u00e9gleges_c\u00edmer_atlatszo150162.png\",\"contentUrl\":\"http:\/\/www.hfc1912.hu\/new\/wp-content\/uploads\/2021\/12\/cropped-V\u00e9gleges_c\u00edmer_atlatszo150162.png\",\"width\":150,\"height\":162,\"caption\":\"H\u00f3dmez\u0151v\u00e1s\u00e1rhelyi Futball Club\"},\"image\":{\"@id\":\"http:\/\/www.hfc1912.hu\/new\/#\/schema\/logo\/image\/\"}}]}<\/script>\n<!-- \/ Yoast SEO plugin. -->","yoast_head_json":{"title":"P\u00e1ly\u00e1ink - H\u00f3dmez\u0151v\u00e1s\u00e1rhelyi Futball Club","robots":{"index":"index","follow":"follow","max-snippet":"max-snippet:-1","max-image-preview":"max-image-preview:large","max-video-preview":"max-video-preview:-1"},"canonical":"http:\/\/www.hfc1912.hu\/new\/palyaink\/","og_locale":"hu_HU","og_type":"article","og_title":"P\u00e1ly\u00e1ink - H\u00f3dmez\u0151v\u00e1s\u00e1rhelyi Futball Club","og_description":"Center p\u00e1lya: Nagy m\u0171f\u00fcves p\u00e1lya: H\u00e1ts\u00f3 f\u00fcves p\u00e1lya: Csarnok: Ketrec:","og_url":"http:\/\/www.hfc1912.hu\/new\/palyaink\/","og_site_name":"H\u00f3dmez\u0151v\u00e1s\u00e1rhelyi Futball Club","article_modified_time":"2024-02-02T10:07:10+00:00","og_image":[{"url":"http:\/\/www.hfc1912.hu\/new\/wp-content\/uploads\/2018\/09\/nagyfuves-palya.jpg"}],"twitter_card":"summary_large_image","twitter_misc":{"Est. reading time":"2 perc"},"schema":{"@context":"https:\/\/schema.org","@graph":[{"@type":"WebPage","@id":"http:\/\/www.hfc1912.hu\/new\/palyaink\/","url":"http:\/\/www.hfc1912.hu\/new\/palyaink\/","name":"P\u00e1ly\u00e1ink - H\u00f3dmez\u0151v\u00e1s\u00e1rhelyi Futball Club","isPartOf":{"@id":"http:\/\/www.hfc1912.hu\/new\/#website"},"datePublished":"2018-09-20T09:31:17+00:00","dateModified":"2024-02-02T10:07:10+00:00","breadcrumb":{"@id":"http:\/\/www.hfc1912.hu\/new\/palyaink\/#breadcrumb"},"inLanguage":"hu","potentialAction":[{"@type":"ReadAction","target":["http:\/\/www.hfc1912.hu\/new\/palyaink\/"]}]},{"@type":"BreadcrumbList","@id":"http:\/\/www.hfc1912.hu\/new\/palyaink\/#breadcrumb","itemListElement":[{"@type":"ListItem","position":1,"name":"Home","item":"http:\/\/www.hfc1912.hu\/new\/"},{"@type":"ListItem","position":2,"name":"P\u00e1ly\u00e1ink"}]},{"@type":"WebSite","@id":"http:\/\/www.hfc1912.hu\/new\/#website","url":"http:\/\/www.hfc1912.hu\/new\/","name":"H\u00f3dmez\u0151v\u00e1s\u00e1rhelyi Futball Club","description":"H\u00f3dmez\u0151v\u00e1s\u00e1rhelyi Futball Club hivatalos honlapja","publisher":{"@id":"http:\/\/www.hfc1912.hu\/new\/#organization"},"potentialAction":[{"@type":"SearchAction","target":{"@type":"EntryPoint","urlTemplate":"http:\/\/www.hfc1912.hu\/new\/?s={search_term_string}"},"query-input":"required name=search_term_string"}],"inLanguage":"hu"},{"@type":"Organization","@id":"http:\/\/www.hfc1912.hu\/new\/#organization","name":"H\u00f3dmez\u0151v\u00e1s\u00e1rhelyi Futball Club","url":"http:\/\/www.hfc1912.hu\/new\/","sameAs":[],"logo":{"@type":"ImageObject","inLanguage":"hu","@id":"http:\/\/www.hfc1912.hu\/new\/#\/schema\/logo\/image\/","url":"http:\/\/www.hfc1912.hu\/new\/wp-content\/uploads\/2021\/12\/cropped-V\u00e9gleges_c\u00edmer_atlatszo150162.png","contentUrl":"http:\/\/www.hfc1912.hu\/new\/wp-content\/uploads\/2021\/12\/cropped-V\u00e9gleges_c\u00edmer_atlatszo150162.png","width":150,"height":162,"caption":"H\u00f3dmez\u0151v\u00e1s\u00e1rhelyi Futball Club"},"image":{"@id":"http:\/\/www.hfc1912.hu\/new\/#\/schema\/logo\/image\/"}}]}},"_links":{"self":[{"href":"http:\/\/www.hfc1912.hu\/new\/wp-json\/wp\/v2\/pages\/3253"}],"collection":[{"href":"http:\/\/www.hfc1912.hu\/new\/wp-json\/wp\/v2\/pages"}],"about":[{"href":"http:\/\/www.hfc1912.hu\/new\/wp-json\/wp\/v2\/types\/page"}],"author":[{"embeddable":true,"href":"http:\/\/www.hfc1912.hu\/new\/wp-json\/wp\/v2\/users\/1"}],"replies":[{"embeddable":true,"href":"http:\/\/www.hfc1912.hu\/new\/wp-json\/wp\/v2\/comments?post=3253"}],"version-history":[{"count":6,"href":"http:\/\/www.hfc1912.hu\/new\/wp-json\/wp\/v2\/pages\/3253\/revisions"}],"predecessor-version":[{"id":6773,"href":"http:\/\/www.hfc1912.hu\/new\/wp-json\/wp\/v2\/pages\/3253\/revisions\/6773"}],"wp:attachment":[{"href":"http:\/\/www.hfc1912.hu\/new\/wp-json\/wp\/v2\/media?parent=3253"}],"curies":[{"name":"wp","href":"https:\/\/api.w.org\/{rel}","templated":true}]}}