{"id":3270,"date":"2018-09-20T09:35:27","date_gmt":"2018-09-20T09:35:27","guid":{"rendered":"http:\/\/www.hfc1912.hu\/new\/?page_id=3270"},"modified":"2019-02-11T06:06:01","modified_gmt":"2019-02-11T06:06:01","slug":"utanpotlas-csapataink","status":"publish","type":"page","link":"http:\/\/www.hfc1912.hu\/new\/utanpotlas-csapataink\/","title":{"rendered":"Ut\u00e1np\u00f3tl\u00e1s csapataink"},"content":{"rendered":"<h2>HFC n\u0151i csapat<\/h2>\n<p><a href=\"http:\/\/www.hfc1912.hu\/new\/wp-content\/uploads\/2019\/02\/HFC-noi-csapat-2018-19.jpg\"><img loading=\"lazy\" class=\"aligncenter wp-image-3920 size-large\" src=\"http:\/\/www.hfc1912.hu\/new\/wp-content\/uploads\/2019\/02\/HFC-noi-csapat-2018-19-1024x683.jpg\" alt=\"\" width=\"1024\" height=\"683\" srcset=\"http:\/\/www.hfc1912.hu\/new\/wp-content\/uploads\/2019\/02\/HFC-noi-csapat-2018-19-1024x683.jpg 1024w, http:\/\/www.hfc1912.hu\/new\/wp-content\/uploads\/2019\/02\/HFC-noi-csapat-2018-19-300x200.jpg 300w, http:\/\/www.hfc1912.hu\/new\/wp-content\/uploads\/2019\/02\/HFC-noi-csapat-2018-19-768x512.jpg 768w, http:\/\/www.hfc1912.hu\/new\/wp-content\/uploads\/2019\/02\/HFC-noi-csapat-2018-19-128x85.jpg 128w, http:\/\/www.hfc1912.hu\/new\/wp-content\/uploads\/2019\/02\/HFC-noi-csapat-2018-19-32x21.jpg 32w, http:\/\/www.hfc1912.hu\/new\/wp-content\/uploads\/2019\/02\/HFC-noi-csapat-2018-19-1230x820.jpg 1230w\" sizes=\"(max-width: 1024px) 100vw, 1024px\" \/><\/a><\/p>\n<p><strong>Fels\u0151 sor:<\/strong> Mucsi D\u00e9nes edz\u0151, N\u00e1n\u00e1si Petra, Albert J\u00falia, Albert Zs\u00f3fi, Csala Eszter, Schneider Krisztina, B\u00e1n Vikt\u00f3ria, Jesenszki D\u00f3ra, T\u00f3th Zsuzsa j\u00e1t\u00e9kos-edz\u0151, Kisp\u00e1l Kitti, Todoran Katalin, T\u00f3th Klaudia, B\u00f6de Melissza, Kov\u00e1cs D\u00f3ra, \u00c9get\u0151 Petra, Varga Barbara<\/p>\n<p><strong>Als\u00f3 sor:<\/strong> Kl\u00e9zli Kiara, Pap Evelin, Balog J\u00e1zmin, Dobsa Dalma, Kun Vivien, Horv\u00e1th Lara, Kov\u00e1cs Mira, Kov\u00e1cs Emese, Szab\u00f3 Gr\u00e9ta, Hajd\u00fa Ivett, Varga Bogl\u00e1rka, Bal\u00e1zs Gr\u00e9ta, Moln\u00e1r Orsolya, Varga Zs\u00f3fia, Paku Zs\u00f3fia<\/p>\n<p><strong>Akik hi\u00e1nyoznak a k\u00e9pr\u0151l:<\/strong> Badi Katalin, Borsodi Kitti, G\u00e1bor M\u00f3nika, G\u00e1bor No\u00e9mi, F\u00e1ri Bettina, Heged\u0171s Nauzika, H\u00f3di Katalin, Kis Erzs\u00e9bet, Orovecz \u00c9va, R\u00e9czi \u00c9va, Szabados Adrienn, Sz\u00e1va Vivien<\/p>\n<h2>HFC U8<\/h2>\n<p><a href=\"http:\/\/www.hfc1912.hu\/new\/wp-content\/uploads\/2019\/02\/HFC-U8-2018-19.jpg\"><img loading=\"lazy\" class=\"aligncenter wp-image-3933 size-large\" src=\"http:\/\/www.hfc1912.hu\/new\/wp-content\/uploads\/2019\/02\/HFC-U8-2018-19-1024x683.jpg\" alt=\"\" width=\"1024\" height=\"683\" srcset=\"http:\/\/www.hfc1912.hu\/new\/wp-content\/uploads\/2019\/02\/HFC-U8-2018-19-1024x683.jpg 1024w, http:\/\/www.hfc1912.hu\/new\/wp-content\/uploads\/2019\/02\/HFC-U8-2018-19-300x200.jpg 300w, http:\/\/www.hfc1912.hu\/new\/wp-content\/uploads\/2019\/02\/HFC-U8-2018-19-768x512.jpg 768w, http:\/\/www.hfc1912.hu\/new\/wp-content\/uploads\/2019\/02\/HFC-U8-2018-19-128x85.jpg 128w, http:\/\/www.hfc1912.hu\/new\/wp-content\/uploads\/2019\/02\/HFC-U8-2018-19-32x21.jpg 32w, http:\/\/www.hfc1912.hu\/new\/wp-content\/uploads\/2019\/02\/HFC-U8-2018-19-1230x820.jpg 1230w\" sizes=\"(max-width: 1024px) 100vw, 1024px\" \/><\/a><\/p>\n<div dir=\"auto\"><strong>Fels\u0151 sor:<\/strong> Mak\u00f3 Benedek, B\u00e1nfa D\u00e1niel, Kov\u00e1cs Mira, Borka Roland, Petrecz Barnab\u00e1s, Badi Kevin, Husz\u00e1r Vince, Szab\u00f3 Kopp\u00e1ny, Keresztes Kevin, Katona Levente, Borb\u00e1s P\u00e9ter, T\u00f6r\u00f6k Kevin, Csom\u00f3s D\u00e1vid, Viski Bercel, Jakus Dominik, Juh\u00e1sz S\u00e1ndor edz\u0151<\/div>\n<div dir=\"auto\"><strong>Als\u00f3 sor:<\/strong> Bakonyi Zal\u00e1n, Zsark\u00f3 L\u00e1szl\u00f3, T\u00e1rk\u00e1ny Zal\u00e1n, Kov\u00e1cs Zsombor, B\u00e1nfi Bal\u00e1zs, Kov\u00e1cs Martin, T\u00f3th Norbert, F\u00fcl\u00f6p-M\u00e1t\u00e9 Nimr\u00f3d, Megyeri M\u00e1t\u00e9, Santos-Avila G\u00e1sp\u00e1r, Tan\u00e1cs P\u00e9ter, H\u0151s Botond, Krebsz \u00c1kos<\/div>\n<div dir=\"auto\"><strong>Hi\u00e1nyzik:<\/strong> Angyal Mil\u00e1n<\/div>\n<h2>HFC U10<\/h2>\n<p><a href=\"http:\/\/www.hfc1912.hu\/new\/wp-content\/uploads\/2019\/02\/HFC-U10-2018-19.jpg\"><img loading=\"lazy\" class=\"aligncenter wp-image-3919 size-large\" src=\"http:\/\/www.hfc1912.hu\/new\/wp-content\/uploads\/2019\/02\/HFC-U10-2018-19-1024x683.jpg\" alt=\"\" width=\"1024\" height=\"683\" srcset=\"http:\/\/www.hfc1912.hu\/new\/wp-content\/uploads\/2019\/02\/HFC-U10-2018-19-1024x683.jpg 1024w, http:\/\/www.hfc1912.hu\/new\/wp-content\/uploads\/2019\/02\/HFC-U10-2018-19-300x200.jpg 300w, http:\/\/www.hfc1912.hu\/new\/wp-content\/uploads\/2019\/02\/HFC-U10-2018-19-768x512.jpg 768w, http:\/\/www.hfc1912.hu\/new\/wp-content\/uploads\/2019\/02\/HFC-U10-2018-19-128x85.jpg 128w, http:\/\/www.hfc1912.hu\/new\/wp-content\/uploads\/2019\/02\/HFC-U10-2018-19-32x21.jpg 32w, http:\/\/www.hfc1912.hu\/new\/wp-content\/uploads\/2019\/02\/HFC-U10-2018-19-1230x820.jpg 1230w\" sizes=\"(max-width: 1024px) 100vw, 1024px\" \/><\/a><\/p>\n<p><strong>Fels\u0151 sor:<\/strong> Varga R\u00f3bert edz\u0151, H\u0151s Levente, Schleifer M\u00e1t\u00e9, Ver\u00f3k Mil\u00e1n, Beder Barnab\u00e1s, Kov\u00e1cs M\u00f3zes, Nagy Cristiano, Sipos Attila, Kov\u00e1cs Hunor, Dombov\u00e1ri D\u00e1vid, Szill\u00e9ry Igor, Mucsi D\u00e9nes edz\u0151<\/p>\n<p><strong>Als\u00f3 sor:<\/strong> Torzsa Vazul, Horv\u00e1th \u00c1ron, Gy\u00f6re Roland, Tolnai Zolt\u00e1n, Csanki Csan\u00e1d, Rost\u00e1s D\u00e1niel, T\u00f6r\u00f6k Levente, Kis Viktor, V\u00edgh Nyilas, Bartyik Dominik, Mucsi \u00c1d\u00e1m<\/p>\n<h2>HFC U11<\/h2>\n<p><a href=\"http:\/\/www.hfc1912.hu\/new\/wp-content\/uploads\/2019\/02\/HFC-U11-2018-19.jpg\"><img loading=\"lazy\" class=\"aligncenter wp-image-3932 size-large\" src=\"http:\/\/www.hfc1912.hu\/new\/wp-content\/uploads\/2019\/02\/HFC-U11-2018-19-1024x683.jpg\" alt=\"\" width=\"1024\" height=\"683\" srcset=\"http:\/\/www.hfc1912.hu\/new\/wp-content\/uploads\/2019\/02\/HFC-U11-2018-19-1024x683.jpg 1024w, http:\/\/www.hfc1912.hu\/new\/wp-content\/uploads\/2019\/02\/HFC-U11-2018-19-300x200.jpg 300w, http:\/\/www.hfc1912.hu\/new\/wp-content\/uploads\/2019\/02\/HFC-U11-2018-19-768x512.jpg 768w, http:\/\/www.hfc1912.hu\/new\/wp-content\/uploads\/2019\/02\/HFC-U11-2018-19-128x85.jpg 128w, http:\/\/www.hfc1912.hu\/new\/wp-content\/uploads\/2019\/02\/HFC-U11-2018-19-32x21.jpg 32w, http:\/\/www.hfc1912.hu\/new\/wp-content\/uploads\/2019\/02\/HFC-U11-2018-19-1230x820.jpg 1230w\" sizes=\"(max-width: 1024px) 100vw, 1024px\" \/><\/a><\/p>\n<p><strong>Fels\u0151 sor:<\/strong> Ol\u00e1h Maja, Kopunovics Bence, T\u00f3th Martin, T\u00f6r\u00f6k Kevin, Cselovszki Csaba, Kand\u00f3 Z\u00e9t\u00e9ny, T\u00f3szegi Zolt\u00e1n, N\u00e9meth Krist\u00f3f,\u00a0 M\u00e9sz\u00e1ros Andr\u00e1s<\/p>\n<p><strong>Als\u00f3 sor:\u00a0<\/strong>Vass L\u00e1szl\u00f3, R\u00e1kos Z\u00e9n\u00f3, Simon Mil\u00e1n, Nagy Hunor, Vata Rich\u00e1rd, Krucsai Vendel, Ol\u00e1h Mil\u00e1n, M\u00e9sz\u00e1ros D\u00e1niel<\/p>\n<p><strong>Hi\u00e1nyzik:\u00a0<\/strong>Sallai Dominik, Sarusi-Kis \u00c1d\u00e1m, Radnai Patrik,\u00a0 B\u00e1nfi Levente, Gajda Lajos edz\u0151<\/p>\n<h2>HFC U12<a href=\"http:\/\/www.hfc1912.hu\/new\/wp-content\/uploads\/2019\/02\/HFC-U12-2018-19.jpg\"><img loading=\"lazy\" class=\"aligncenter wp-image-3926 size-large\" src=\"http:\/\/www.hfc1912.hu\/new\/wp-content\/uploads\/2019\/02\/HFC-U12-2018-19-1024x682.jpg\" alt=\"\" width=\"1024\" height=\"682\" srcset=\"http:\/\/www.hfc1912.hu\/new\/wp-content\/uploads\/2019\/02\/HFC-U12-2018-19-1024x682.jpg 1024w, http:\/\/www.hfc1912.hu\/new\/wp-content\/uploads\/2019\/02\/HFC-U12-2018-19-300x200.jpg 300w, http:\/\/www.hfc1912.hu\/new\/wp-content\/uploads\/2019\/02\/HFC-U12-2018-19-768x512.jpg 768w, http:\/\/www.hfc1912.hu\/new\/wp-content\/uploads\/2019\/02\/HFC-U12-2018-19-128x85.jpg 128w, http:\/\/www.hfc1912.hu\/new\/wp-content\/uploads\/2019\/02\/HFC-U12-2018-19-32x21.jpg 32w, http:\/\/www.hfc1912.hu\/new\/wp-content\/uploads\/2019\/02\/HFC-U12-2018-19-1230x820.jpg 1230w\" sizes=\"(max-width: 1024px) 100vw, 1024px\" \/><\/a><\/h2>\n<p><strong>Fels\u0151 sor:<\/strong> Marton Bence edz\u0151, Herczeg Levente, Gyapjas Csongor, M\u00e1cs\u00e1r D\u00e1niel, F\u00fczesi Tibor, Klemm \u00c1kos, Knapecz Gyula<\/p>\n<p><strong>Als\u00f3 sor:<\/strong> K\u00fcrt\u00f6si Zal\u00e1n, Balog \u00c1d\u00e1m, Czeroczki Zolt\u00e1n, Nagy Zsombor, Czifra D\u00e1niel, B\u00f6r\u00f6cz Alex, Knapecz Gerg\u0151<\/p>\n<p><strong>Hi\u00e1nyoznak:<\/strong> Kalm\u00e1r Mil\u00e1n,\u00a0<span class=\"il\">Mucsi<\/span>\u00a0Mil\u00e1n<\/p>\n<h2>HFC U13<\/h2>\n<p><a href=\"http:\/\/www.hfc1912.hu\/new\/wp-content\/uploads\/2019\/02\/HFC-U13-2018-19.jpg\"><img loading=\"lazy\" class=\"aligncenter wp-image-3927 size-large\" src=\"http:\/\/www.hfc1912.hu\/new\/wp-content\/uploads\/2019\/02\/HFC-U13-2018-19-1024x683.jpg\" alt=\"\" width=\"1024\" height=\"683\" srcset=\"http:\/\/www.hfc1912.hu\/new\/wp-content\/uploads\/2019\/02\/HFC-U13-2018-19-1024x683.jpg 1024w, http:\/\/www.hfc1912.hu\/new\/wp-content\/uploads\/2019\/02\/HFC-U13-2018-19-300x200.jpg 300w, http:\/\/www.hfc1912.hu\/new\/wp-content\/uploads\/2019\/02\/HFC-U13-2018-19-768x512.jpg 768w, http:\/\/www.hfc1912.hu\/new\/wp-content\/uploads\/2019\/02\/HFC-U13-2018-19-128x85.jpg 128w, http:\/\/www.hfc1912.hu\/new\/wp-content\/uploads\/2019\/02\/HFC-U13-2018-19-32x21.jpg 32w, http:\/\/www.hfc1912.hu\/new\/wp-content\/uploads\/2019\/02\/HFC-U13-2018-19-1230x820.jpg 1230w\" sizes=\"(max-width: 1024px) 100vw, 1024px\" \/><\/a><\/p>\n<p><strong>Fels\u0151 sor:<\/strong> Antal Kriszti\u00e1n edz\u0151, T\u00f6r\u00f6k Levente, Marton Bal\u00e1zs, D\u00f6me Br\u00fan\u00f3, Pal\u00f3cz Bal\u00e1zs, Papp S\u00e1muel, B\u00faz\u00e1s Rich\u00e1rd, Benk Gergely<\/p>\n<p><strong>Als\u00f3 sor:<\/strong> Hajduk Levente, Gy\u0151ri Csan\u00e1d, J\u00f3zsa Gergely, Benczik Zolt\u00e1n, Hegyes Gerg\u0151, Tisza Andr\u00e1s, Maczelka M\u00e1t\u00e9, Varga P\u00e9ter, Herczeg D\u00e1vid<\/p>\n<h2>HFC U13-U14B<\/h2>\n<div><a href=\"http:\/\/www.hfc1912.hu\/new\/wp-content\/uploads\/2019\/02\/HFC-U13-14B.jpg\"><img loading=\"lazy\" class=\"aligncenter wp-image-3925 size-large\" src=\"http:\/\/www.hfc1912.hu\/new\/wp-content\/uploads\/2019\/02\/HFC-U13-14B-1024x682.jpg\" alt=\"\" width=\"1024\" height=\"682\" srcset=\"http:\/\/www.hfc1912.hu\/new\/wp-content\/uploads\/2019\/02\/HFC-U13-14B-1024x682.jpg 1024w, http:\/\/www.hfc1912.hu\/new\/wp-content\/uploads\/2019\/02\/HFC-U13-14B-300x200.jpg 300w, http:\/\/www.hfc1912.hu\/new\/wp-content\/uploads\/2019\/02\/HFC-U13-14B-768x512.jpg 768w, http:\/\/www.hfc1912.hu\/new\/wp-content\/uploads\/2019\/02\/HFC-U13-14B-128x85.jpg 128w, http:\/\/www.hfc1912.hu\/new\/wp-content\/uploads\/2019\/02\/HFC-U13-14B-32x21.jpg 32w, http:\/\/www.hfc1912.hu\/new\/wp-content\/uploads\/2019\/02\/HFC-U13-14B-1230x820.jpg 1230w\" sizes=\"(max-width: 1024px) 100vw, 1024px\" \/><\/a><\/div>\n<div><\/div>\n<div><strong>Fels\u0151 sor:<\/strong> Borb\u00e1s Zsolt edz\u0151, Pat\u00f3cs G\u00e1bor, Szirbik N\u00e1ndor, Vizi D\u00e1niel, Ambrus Zolt\u00e1n, Dragom\u00e9r Zsombor, Bereczki D\u00e1vid, Tam\u00e1si Botond, Pat\u00f3cs Rich\u00e1rd, Kov\u00e1cs M\u00e1t\u00e9 P\u00e9ter<\/div>\n<div><\/div>\n<div><strong>Als\u00f3 sor:<\/strong> Nagy Kopp\u00e1ny, Annus L\u00e1szl\u00f3, T\u00f6r\u00f6k Martin, Nagy Noel Marcell, Solymossy Benedek, Nagy Rich\u00e1rd, Varga J\u00e1nos Marcell, Kov\u00e1cs Imre D\u00e1vid, M\u00e1rki Szabolcs<\/div>\n<div><\/div>\n<div><strong>A k\u00e9pr\u0151l hi\u00e1nyzik:<\/strong> Szombathelyi Ruben, F\u00e1ri Bence, Bal\u00e1zs Kevin, Arany Kevin, Feh\u00e9r Bal\u00e1zs, Sajti P\u00e9ter, Berta Viktor<\/div>\n<div><\/div>\n<h2>HFC U14<\/h2>\n<div><\/div>\n<div><a href=\"http:\/\/www.hfc1912.hu\/new\/wp-content\/uploads\/2019\/02\/HFC-U14-2018-19.jpg\"><img loading=\"lazy\" class=\"aligncenter wp-image-3936 size-large\" src=\"http:\/\/www.hfc1912.hu\/new\/wp-content\/uploads\/2019\/02\/HFC-U14-2018-19-1024x683.jpg\" alt=\"\" width=\"1024\" height=\"683\" srcset=\"http:\/\/www.hfc1912.hu\/new\/wp-content\/uploads\/2019\/02\/HFC-U14-2018-19-1024x683.jpg 1024w, http:\/\/www.hfc1912.hu\/new\/wp-content\/uploads\/2019\/02\/HFC-U14-2018-19-300x200.jpg 300w, http:\/\/www.hfc1912.hu\/new\/wp-content\/uploads\/2019\/02\/HFC-U14-2018-19-768x512.jpg 768w, http:\/\/www.hfc1912.hu\/new\/wp-content\/uploads\/2019\/02\/HFC-U14-2018-19-128x85.jpg 128w, http:\/\/www.hfc1912.hu\/new\/wp-content\/uploads\/2019\/02\/HFC-U14-2018-19-32x21.jpg 32w, http:\/\/www.hfc1912.hu\/new\/wp-content\/uploads\/2019\/02\/HFC-U14-2018-19-1230x820.jpg 1230w\" sizes=\"(max-width: 1024px) 100vw, 1024px\" \/><\/a><\/div>\n<div>\n<div><\/div>\n<div><strong>Fels\u0151 sor:<\/strong> N\u00e9meth Gerg\u0151, Gy\u0151ri Csan\u00e1d, Bal\u00e1zs Benedek, D\u00f6me Br\u00fan\u00f3, Zs\u00f3t\u00e9r Botond, Barna \u00c1d\u00e1m, Orovecz Bal\u00e1zs, B\u00e1nfi Edvin edz\u0151<\/div>\n<div><strong>Als\u00f3 sor:<\/strong> Herczeg D\u00e1vid, Pal\u00f3cz Bal\u00e1zs, Benczik Zolt\u00e1n, T\u00f3th Mil\u00e1n, Kiss Reg\u0151, Tisza Andr\u00e1s, T\u00f3th J\u00f3zsef, K\u00e9sm\u00e1rki Viktor<\/div>\n<div><strong>A k\u00e9pr\u0151l hi\u00e1nyzik:<\/strong> Zsigmond Boldizs\u00e1r, Kruzslicz Alex, Hegyes Gerg\u0151, Buz\u00e1s Rich\u00e1rd, Marton Bal\u00e1zs, Maczelka M\u00e1t\u00e9, T\u00f6r\u00f6k Levente, J\u00f3zsa Gergely, Benk Gergely, Hajduk Levente, Papp S\u00e1muel<\/div>\n<\/div>\n<h2>HFC U15<\/h2>\n<div><\/div>\n<div><a href=\"http:\/\/www.hfc1912.hu\/new\/wp-content\/uploads\/2019\/02\/HFC-U15-2018-19.jpg\"><img loading=\"lazy\" class=\"aligncenter wp-image-3931 size-large\" src=\"http:\/\/www.hfc1912.hu\/new\/wp-content\/uploads\/2019\/02\/HFC-U15-2018-19-1024x683.jpg\" alt=\"\" width=\"1024\" height=\"683\" srcset=\"http:\/\/www.hfc1912.hu\/new\/wp-content\/uploads\/2019\/02\/HFC-U15-2018-19-1024x683.jpg 1024w, http:\/\/www.hfc1912.hu\/new\/wp-content\/uploads\/2019\/02\/HFC-U15-2018-19-300x200.jpg 300w, http:\/\/www.hfc1912.hu\/new\/wp-content\/uploads\/2019\/02\/HFC-U15-2018-19-768x512.jpg 768w, http:\/\/www.hfc1912.hu\/new\/wp-content\/uploads\/2019\/02\/HFC-U15-2018-19-128x85.jpg 128w, http:\/\/www.hfc1912.hu\/new\/wp-content\/uploads\/2019\/02\/HFC-U15-2018-19-32x21.jpg 32w, http:\/\/www.hfc1912.hu\/new\/wp-content\/uploads\/2019\/02\/HFC-U15-2018-19-1230x820.jpg 1230w\" sizes=\"(max-width: 1024px) 100vw, 1024px\" \/><\/a><\/div>\n<div><\/div>\n<div><strong>Fels\u0151 sor:<\/strong>\u00a0Ros\u00e1s K\u00e1roly edz\u0151, Schneider J\u00e1nos, Herczeg G\u00e1bor,\u00a0<span class=\"il\">Mucsi<\/span>\u00a0Gerg\u0151, Sajben Levente, Barta Marcell, Borsodi M\u00e1t\u00e9, N\u00e9meth D\u00e1niel<\/div>\n<div>\n<div><strong>Als\u00f3 sor:<\/strong> Vars\u00e1nyi Marcell, Kar\u00e1csonyi Mikl\u00f3s, Lengyel Tibor, T\u00f3th Mil\u00e1n, Ciortea Krist\u00f3f, Tat\u00e1r Z\u00e9t\u00e9ny, L\u00e9wang Hunor, R\u00f3zsa Egon<\/div>\n<div><strong>Hi\u00e1nyz\u00f3k:<\/strong> Pallagi Tam\u00e1s, Rost\u00e1s Roland, Kurunczi Gerg\u0151, Barna \u00c1d\u00e1m<\/div>\n<\/div>\n","protected":false},"excerpt":{"rendered":"<p>HFC n\u0151i csapat Fels\u0151 sor: Mucsi D\u00e9nes edz\u0151, N\u00e1n\u00e1si Petra, Albert J\u00falia, Albert Zs\u00f3fi, Csala Eszter, Schneider Krisztina, B\u00e1n Vikt\u00f3ria, Jesenszki D\u00f3ra, T\u00f3th Zsuzsa j\u00e1t\u00e9kos-edz\u0151,&#8230;<\/p>\n","protected":false},"author":1,"featured_media":0,"parent":0,"menu_order":0,"comment_status":"closed","ping_status":"closed","template":"","meta":[],"yoast_head":"<!-- This site is optimized with the Yoast SEO plugin v19.8 - https:\/\/yoast.com\/wordpress\/plugins\/seo\/ -->\n<title>Ut\u00e1np\u00f3tl\u00e1s csapataink - H\u00f3dmez\u0151v\u00e1s\u00e1rhelyi Futball Club<\/title>\n<meta name=\"robots\" content=\"index, follow, max-snippet:-1, max-image-preview:large, max-video-preview:-1\" \/>\n<link rel=\"canonical\" href=\"http:\/\/www.hfc1912.hu\/new\/utanpotlas-csapataink\/\" \/>\n<meta property=\"og:locale\" content=\"hu_HU\" \/>\n<meta property=\"og:type\" content=\"article\" \/>\n<meta property=\"og:title\" content=\"Ut\u00e1np\u00f3tl\u00e1s csapataink - H\u00f3dmez\u0151v\u00e1s\u00e1rhelyi Futball Club\" \/>\n<meta property=\"og:description\" content=\"HFC n\u0151i csapat Fels\u0151 sor: Mucsi D\u00e9nes edz\u0151, N\u00e1n\u00e1si Petra, Albert J\u00falia, Albert Zs\u00f3fi, Csala Eszter, Schneider Krisztina, B\u00e1n Vikt\u00f3ria, Jesenszki D\u00f3ra, T\u00f3th Zsuzsa j\u00e1t\u00e9kos-edz\u0151,...\" \/>\n<meta property=\"og:url\" content=\"http:\/\/www.hfc1912.hu\/new\/utanpotlas-csapataink\/\" \/>\n<meta property=\"og:site_name\" content=\"H\u00f3dmez\u0151v\u00e1s\u00e1rhelyi Futball Club\" \/>\n<meta property=\"article:modified_time\" content=\"2019-02-11T06:06:01+00:00\" \/>\n<meta property=\"og:image\" content=\"http:\/\/www.hfc1912.hu\/new\/wp-content\/uploads\/2019\/02\/HFC-noi-csapat-2018-19-1024x683.jpg\" \/>\n<meta name=\"twitter:card\" content=\"summary_large_image\" \/>\n<meta name=\"twitter:label1\" content=\"Est. reading time\" \/>\n\t<meta name=\"twitter:data1\" content=\"4 perc\" \/>\n<script type=\"application\/ld+json\" class=\"yoast-schema-graph\">{\"@context\":\"https:\/\/schema.org\",\"@graph\":[{\"@type\":\"WebPage\",\"@id\":\"http:\/\/www.hfc1912.hu\/new\/utanpotlas-csapataink\/\",\"url\":\"http:\/\/www.hfc1912.hu\/new\/utanpotlas-csapataink\/\",\"name\":\"Ut\u00e1np\u00f3tl\u00e1s csapataink - H\u00f3dmez\u0151v\u00e1s\u00e1rhelyi Futball Club\",\"isPartOf\":{\"@id\":\"http:\/\/www.hfc1912.hu\/new\/#website\"},\"datePublished\":\"2018-09-20T09:35:27+00:00\",\"dateModified\":\"2019-02-11T06:06:01+00:00\",\"breadcrumb\":{\"@id\":\"http:\/\/www.hfc1912.hu\/new\/utanpotlas-csapataink\/#breadcrumb\"},\"inLanguage\":\"hu\",\"potentialAction\":[{\"@type\":\"ReadAction\",\"target\":[\"http:\/\/www.hfc1912.hu\/new\/utanpotlas-csapataink\/\"]}]},{\"@type\":\"BreadcrumbList\",\"@id\":\"http:\/\/www.hfc1912.hu\/new\/utanpotlas-csapataink\/#breadcrumb\",\"itemListElement\":[{\"@type\":\"ListItem\",\"position\":1,\"name\":\"Home\",\"item\":\"http:\/\/www.hfc1912.hu\/new\/\"},{\"@type\":\"ListItem\",\"position\":2,\"name\":\"Ut\u00e1np\u00f3tl\u00e1s csapataink\"}]},{\"@type\":\"WebSite\",\"@id\":\"http:\/\/www.hfc1912.hu\/new\/#website\",\"url\":\"http:\/\/www.hfc1912.hu\/new\/\",\"name\":\"H\u00f3dmez\u0151v\u00e1s\u00e1rhelyi Futball Club\",\"description\":\"H\u00f3dmez\u0151v\u00e1s\u00e1rhelyi Futball Club hivatalos honlapja\",\"publisher\":{\"@id\":\"http:\/\/www.hfc1912.hu\/new\/#organization\"},\"potentialAction\":[{\"@type\":\"SearchAction\",\"target\":{\"@type\":\"EntryPoint\",\"urlTemplate\":\"http:\/\/www.hfc1912.hu\/new\/?s={search_term_string}\"},\"query-input\":\"required name=search_term_string\"}],\"inLanguage\":\"hu\"},{\"@type\":\"Organization\",\"@id\":\"http:\/\/www.hfc1912.hu\/new\/#organization\",\"name\":\"H\u00f3dmez\u0151v\u00e1s\u00e1rhelyi Futball Club\",\"url\":\"http:\/\/www.hfc1912.hu\/new\/\",\"sameAs\":[],\"logo\":{\"@type\":\"ImageObject\",\"inLanguage\":\"hu\",\"@id\":\"http:\/\/www.hfc1912.hu\/new\/#\/schema\/logo\/image\/\",\"url\":\"http:\/\/www.hfc1912.hu\/new\/wp-content\/uploads\/2021\/12\/cropped-V\u00e9gleges_c\u00edmer_atlatszo150162.png\",\"contentUrl\":\"http:\/\/www.hfc1912.hu\/new\/wp-content\/uploads\/2021\/12\/cropped-V\u00e9gleges_c\u00edmer_atlatszo150162.png\",\"width\":150,\"height\":162,\"caption\":\"H\u00f3dmez\u0151v\u00e1s\u00e1rhelyi Futball Club\"},\"image\":{\"@id\":\"http:\/\/www.hfc1912.hu\/new\/#\/schema\/logo\/image\/\"}}]}<\/script>\n<!-- \/ Yoast SEO plugin. -->","yoast_head_json":{"title":"Ut\u00e1np\u00f3tl\u00e1s csapataink - H\u00f3dmez\u0151v\u00e1s\u00e1rhelyi Futball Club","robots":{"index":"index","follow":"follow","max-snippet":"max-snippet:-1","max-image-preview":"max-image-preview:large","max-video-preview":"max-video-preview:-1"},"canonical":"http:\/\/www.hfc1912.hu\/new\/utanpotlas-csapataink\/","og_locale":"hu_HU","og_type":"article","og_title":"Ut\u00e1np\u00f3tl\u00e1s csapataink - H\u00f3dmez\u0151v\u00e1s\u00e1rhelyi Futball Club","og_description":"HFC n\u0151i csapat Fels\u0151 sor: Mucsi D\u00e9nes edz\u0151, N\u00e1n\u00e1si Petra, Albert J\u00falia, Albert Zs\u00f3fi, Csala Eszter, Schneider Krisztina, B\u00e1n Vikt\u00f3ria, Jesenszki D\u00f3ra, T\u00f3th Zsuzsa j\u00e1t\u00e9kos-edz\u0151,...","og_url":"http:\/\/www.hfc1912.hu\/new\/utanpotlas-csapataink\/","og_site_name":"H\u00f3dmez\u0151v\u00e1s\u00e1rhelyi Futball Club","article_modified_time":"2019-02-11T06:06:01+00:00","og_image":[{"url":"http:\/\/www.hfc1912.hu\/new\/wp-content\/uploads\/2019\/02\/HFC-noi-csapat-2018-19-1024x683.jpg"}],"twitter_card":"summary_large_image","twitter_misc":{"Est. reading time":"4 perc"},"schema":{"@context":"https:\/\/schema.org","@graph":[{"@type":"WebPage","@id":"http:\/\/www.hfc1912.hu\/new\/utanpotlas-csapataink\/","url":"http:\/\/www.hfc1912.hu\/new\/utanpotlas-csapataink\/","name":"Ut\u00e1np\u00f3tl\u00e1s csapataink - H\u00f3dmez\u0151v\u00e1s\u00e1rhelyi Futball Club","isPartOf":{"@id":"http:\/\/www.hfc1912.hu\/new\/#website"},"datePublished":"2018-09-20T09:35:27+00:00","dateModified":"2019-02-11T06:06:01+00:00","breadcrumb":{"@id":"http:\/\/www.hfc1912.hu\/new\/utanpotlas-csapataink\/#breadcrumb"},"inLanguage":"hu","potentialAction":[{"@type":"ReadAction","target":["http:\/\/www.hfc1912.hu\/new\/utanpotlas-csapataink\/"]}]},{"@type":"BreadcrumbList","@id":"http:\/\/www.hfc1912.hu\/new\/utanpotlas-csapataink\/#breadcrumb","itemListElement":[{"@type":"ListItem","position":1,"name":"Home","item":"http:\/\/www.hfc1912.hu\/new\/"},{"@type":"ListItem","position":2,"name":"Ut\u00e1np\u00f3tl\u00e1s csapataink"}]},{"@type":"WebSite","@id":"http:\/\/www.hfc1912.hu\/new\/#website","url":"http:\/\/www.hfc1912.hu\/new\/","name":"H\u00f3dmez\u0151v\u00e1s\u00e1rhelyi Futball Club","description":"H\u00f3dmez\u0151v\u00e1s\u00e1rhelyi Futball Club hivatalos honlapja","publisher":{"@id":"http:\/\/www.hfc1912.hu\/new\/#organization"},"potentialAction":[{"@type":"SearchAction","target":{"@type":"EntryPoint","urlTemplate":"http:\/\/www.hfc1912.hu\/new\/?s={search_term_string}"},"query-input":"required name=search_term_string"}],"inLanguage":"hu"},{"@type":"Organization","@id":"http:\/\/www.hfc1912.hu\/new\/#organization","name":"H\u00f3dmez\u0151v\u00e1s\u00e1rhelyi Futball Club","url":"http:\/\/www.hfc1912.hu\/new\/","sameAs":[],"logo":{"@type":"ImageObject","inLanguage":"hu","@id":"http:\/\/www.hfc1912.hu\/new\/#\/schema\/logo\/image\/","url":"http:\/\/www.hfc1912.hu\/new\/wp-content\/uploads\/2021\/12\/cropped-V\u00e9gleges_c\u00edmer_atlatszo150162.png","contentUrl":"http:\/\/www.hfc1912.hu\/new\/wp-content\/uploads\/2021\/12\/cropped-V\u00e9gleges_c\u00edmer_atlatszo150162.png","width":150,"height":162,"caption":"H\u00f3dmez\u0151v\u00e1s\u00e1rhelyi Futball Club"},"image":{"@id":"http:\/\/www.hfc1912.hu\/new\/#\/schema\/logo\/image\/"}}]}},"_links":{"self":[{"href":"http:\/\/www.hfc1912.hu\/new\/wp-json\/wp\/v2\/pages\/3270"}],"collection":[{"href":"http:\/\/www.hfc1912.hu\/new\/wp-json\/wp\/v2\/pages"}],"about":[{"href":"http:\/\/www.hfc1912.hu\/new\/wp-json\/wp\/v2\/types\/page"}],"author":[{"embeddable":true,"href":"http:\/\/www.hfc1912.hu\/new\/wp-json\/wp\/v2\/users\/1"}],"replies":[{"embeddable":true,"href":"http:\/\/www.hfc1912.hu\/new\/wp-json\/wp\/v2\/comments?post=3270"}],"version-history":[{"count":11,"href":"http:\/\/www.hfc1912.hu\/new\/wp-json\/wp\/v2\/pages\/3270\/revisions"}],"predecessor-version":[{"id":3937,"href":"http:\/\/www.hfc1912.hu\/new\/wp-json\/wp\/v2\/pages\/3270\/revisions\/3937"}],"wp:attachment":[{"href":"http:\/\/www.hfc1912.hu\/new\/wp-json\/wp\/v2\/media?parent=3270"}],"curies":[{"name":"wp","href":"https:\/\/api.w.org\/{rel}","templated":true}]}}