{"id":3715,"date":"2018-11-26T17:05:30","date_gmt":"2018-11-26T17:05:30","guid":{"rendered":"http:\/\/www.hfc1912.hu\/new\/?page_id=3715"},"modified":"2018-11-26T17:05:30","modified_gmt":"2018-11-26T17:05:30","slug":"adatkezelesi-hozzajarulas","status":"publish","type":"page","link":"http:\/\/www.hfc1912.hu\/new\/adatkezelesi-hozzajarulas\/","title":{"rendered":"Adatkezel\u00e9si hozz\u00e1j\u00e1rul\u00e1s"},"content":{"rendered":"<div><strong>Tisztelt Sz\u00fcl\u0151k!<\/strong><\/div>\n<div><\/div>\n<div><\/div>\n<div>T\u00f6rv\u00e9nyi el\u0151\u00edr\u00e1s alapj\u00e1n, adataik kezel\u00e9se c\u00e9lj\u00e1b\u00f3l, k\u00e9rj\u00fck, t\u00f6lts\u00e9k ki az al\u00e1bbi Adatkezel\u00e9si hozz\u00e1j\u00e1rul\u00e1st, \u00e9s juttass\u00e1k el a H\u00f3dmez\u0151v\u00e1s\u00e1rhelyi Futball Club r\u00e9sz\u00e9re. A lap fels\u0151 sark\u00e1ba a gyermek nev\u00e9t legyenek sz\u00edvesek fel\u00edrni, \u00e9s a koroszt\u00e1lyt.<\/div>\n<div><\/div>\n<div><\/div>\n<div>A dokumentumot\u00a0<a href=\"http:\/\/www.hfc1912.hu\/new\/wp-content\/uploads\/2018\/11\/ADATKEZEL%C3%89SI-HOZZ%C3%81J%C3%81RUL%C3%81S-sz%C3%BCl%C5%91knek.doc\">ide kattintva tudja let\u00f6lteni<\/a>.<\/div>\n<div><\/div>\n<div><\/div>\n<div>K\u00f6sz\u00f6nettel,<\/div>\n<div><\/div>\n<div><\/div>\n<div>H\u00f3dmez\u0151v\u00e1s\u00e1rhelyi Futball Club<\/div>\n","protected":false},"excerpt":{"rendered":"<p>Tisztelt Sz\u00fcl\u0151k! T\u00f6rv\u00e9nyi el\u0151\u00edr\u00e1s alapj\u00e1n, adataik kezel\u00e9se c\u00e9lj\u00e1b\u00f3l, k\u00e9rj\u00fck, t\u00f6lts\u00e9k ki az al\u00e1bbi Adatkezel\u00e9si hozz\u00e1j\u00e1rul\u00e1st, \u00e9s juttass\u00e1k el a H\u00f3dmez\u0151v\u00e1s\u00e1rhelyi Futball Club r\u00e9sz\u00e9re. A lap&#8230;<\/p>\n","protected":false},"author":1,"featured_media":0,"parent":0,"menu_order":0,"comment_status":"closed","ping_status":"closed","template":"","meta":[],"yoast_head":"<!-- This site is optimized with the Yoast SEO plugin v19.8 - https:\/\/yoast.com\/wordpress\/plugins\/seo\/ -->\n<title>Adatkezel\u00e9si hozz\u00e1j\u00e1rul\u00e1s - H\u00f3dmez\u0151v\u00e1s\u00e1rhelyi Futball Club<\/title>\n<meta name=\"robots\" content=\"index, follow, max-snippet:-1, max-image-preview:large, max-video-preview:-1\" \/>\n<link rel=\"canonical\" href=\"http:\/\/www.hfc1912.hu\/new\/adatkezelesi-hozzajarulas\/\" \/>\n<meta property=\"og:locale\" content=\"hu_HU\" \/>\n<meta property=\"og:type\" content=\"article\" \/>\n<meta property=\"og:title\" content=\"Adatkezel\u00e9si hozz\u00e1j\u00e1rul\u00e1s - H\u00f3dmez\u0151v\u00e1s\u00e1rhelyi Futball Club\" \/>\n<meta property=\"og:description\" content=\"Tisztelt Sz\u00fcl\u0151k! T\u00f6rv\u00e9nyi el\u0151\u00edr\u00e1s alapj\u00e1n, adataik kezel\u00e9se c\u00e9lj\u00e1b\u00f3l, k\u00e9rj\u00fck, t\u00f6lts\u00e9k ki az al\u00e1bbi Adatkezel\u00e9si hozz\u00e1j\u00e1rul\u00e1st, \u00e9s juttass\u00e1k el a H\u00f3dmez\u0151v\u00e1s\u00e1rhelyi Futball Club r\u00e9sz\u00e9re. A lap...\" \/>\n<meta property=\"og:url\" content=\"http:\/\/www.hfc1912.hu\/new\/adatkezelesi-hozzajarulas\/\" \/>\n<meta property=\"og:site_name\" content=\"H\u00f3dmez\u0151v\u00e1s\u00e1rhelyi Futball Club\" \/>\n<meta name=\"twitter:card\" content=\"summary_large_image\" \/>\n<script type=\"application\/ld+json\" class=\"yoast-schema-graph\">{\"@context\":\"https:\/\/schema.org\",\"@graph\":[{\"@type\":\"WebPage\",\"@id\":\"http:\/\/www.hfc1912.hu\/new\/adatkezelesi-hozzajarulas\/\",\"url\":\"http:\/\/www.hfc1912.hu\/new\/adatkezelesi-hozzajarulas\/\",\"name\":\"Adatkezel\u00e9si hozz\u00e1j\u00e1rul\u00e1s - H\u00f3dmez\u0151v\u00e1s\u00e1rhelyi Futball Club\",\"isPartOf\":{\"@id\":\"http:\/\/www.hfc1912.hu\/new\/#website\"},\"datePublished\":\"2018-11-26T17:05:30+00:00\",\"dateModified\":\"2018-11-26T17:05:30+00:00\",\"breadcrumb\":{\"@id\":\"http:\/\/www.hfc1912.hu\/new\/adatkezelesi-hozzajarulas\/#breadcrumb\"},\"inLanguage\":\"hu\",\"potentialAction\":[{\"@type\":\"ReadAction\",\"target\":[\"http:\/\/www.hfc1912.hu\/new\/adatkezelesi-hozzajarulas\/\"]}]},{\"@type\":\"BreadcrumbList\",\"@id\":\"http:\/\/www.hfc1912.hu\/new\/adatkezelesi-hozzajarulas\/#breadcrumb\",\"itemListElement\":[{\"@type\":\"ListItem\",\"position\":1,\"name\":\"Home\",\"item\":\"http:\/\/www.hfc1912.hu\/new\/\"},{\"@type\":\"ListItem\",\"position\":2,\"name\":\"Adatkezel\u00e9si hozz\u00e1j\u00e1rul\u00e1s\"}]},{\"@type\":\"WebSite\",\"@id\":\"http:\/\/www.hfc1912.hu\/new\/#website\",\"url\":\"http:\/\/www.hfc1912.hu\/new\/\",\"name\":\"H\u00f3dmez\u0151v\u00e1s\u00e1rhelyi Futball Club\",\"description\":\"H\u00f3dmez\u0151v\u00e1s\u00e1rhelyi Futball Club hivatalos honlapja\",\"publisher\":{\"@id\":\"http:\/\/www.hfc1912.hu\/new\/#organization\"},\"potentialAction\":[{\"@type\":\"SearchAction\",\"target\":{\"@type\":\"EntryPoint\",\"urlTemplate\":\"http:\/\/www.hfc1912.hu\/new\/?s={search_term_string}\"},\"query-input\":\"required name=search_term_string\"}],\"inLanguage\":\"hu\"},{\"@type\":\"Organization\",\"@id\":\"http:\/\/www.hfc1912.hu\/new\/#organization\",\"name\":\"H\u00f3dmez\u0151v\u00e1s\u00e1rhelyi Futball Club\",\"url\":\"http:\/\/www.hfc1912.hu\/new\/\",\"sameAs\":[],\"logo\":{\"@type\":\"ImageObject\",\"inLanguage\":\"hu\",\"@id\":\"http:\/\/www.hfc1912.hu\/new\/#\/schema\/logo\/image\/\",\"url\":\"http:\/\/www.hfc1912.hu\/new\/wp-content\/uploads\/2021\/12\/cropped-V\u00e9gleges_c\u00edmer_atlatszo150162.png\",\"contentUrl\":\"http:\/\/www.hfc1912.hu\/new\/wp-content\/uploads\/2021\/12\/cropped-V\u00e9gleges_c\u00edmer_atlatszo150162.png\",\"width\":150,\"height\":162,\"caption\":\"H\u00f3dmez\u0151v\u00e1s\u00e1rhelyi Futball Club\"},\"image\":{\"@id\":\"http:\/\/www.hfc1912.hu\/new\/#\/schema\/logo\/image\/\"}}]}<\/script>\n<!-- \/ Yoast SEO plugin. -->","yoast_head_json":{"title":"Adatkezel\u00e9si hozz\u00e1j\u00e1rul\u00e1s - H\u00f3dmez\u0151v\u00e1s\u00e1rhelyi Futball Club","robots":{"index":"index","follow":"follow","max-snippet":"max-snippet:-1","max-image-preview":"max-image-preview:large","max-video-preview":"max-video-preview:-1"},"canonical":"http:\/\/www.hfc1912.hu\/new\/adatkezelesi-hozzajarulas\/","og_locale":"hu_HU","og_type":"article","og_title":"Adatkezel\u00e9si hozz\u00e1j\u00e1rul\u00e1s - H\u00f3dmez\u0151v\u00e1s\u00e1rhelyi Futball Club","og_description":"Tisztelt Sz\u00fcl\u0151k! T\u00f6rv\u00e9nyi el\u0151\u00edr\u00e1s alapj\u00e1n, adataik kezel\u00e9se c\u00e9lj\u00e1b\u00f3l, k\u00e9rj\u00fck, t\u00f6lts\u00e9k ki az al\u00e1bbi Adatkezel\u00e9si hozz\u00e1j\u00e1rul\u00e1st, \u00e9s juttass\u00e1k el a H\u00f3dmez\u0151v\u00e1s\u00e1rhelyi Futball Club r\u00e9sz\u00e9re. A lap...","og_url":"http:\/\/www.hfc1912.hu\/new\/adatkezelesi-hozzajarulas\/","og_site_name":"H\u00f3dmez\u0151v\u00e1s\u00e1rhelyi Futball Club","twitter_card":"summary_large_image","schema":{"@context":"https:\/\/schema.org","@graph":[{"@type":"WebPage","@id":"http:\/\/www.hfc1912.hu\/new\/adatkezelesi-hozzajarulas\/","url":"http:\/\/www.hfc1912.hu\/new\/adatkezelesi-hozzajarulas\/","name":"Adatkezel\u00e9si hozz\u00e1j\u00e1rul\u00e1s - H\u00f3dmez\u0151v\u00e1s\u00e1rhelyi Futball Club","isPartOf":{"@id":"http:\/\/www.hfc1912.hu\/new\/#website"},"datePublished":"2018-11-26T17:05:30+00:00","dateModified":"2018-11-26T17:05:30+00:00","breadcrumb":{"@id":"http:\/\/www.hfc1912.hu\/new\/adatkezelesi-hozzajarulas\/#breadcrumb"},"inLanguage":"hu","potentialAction":[{"@type":"ReadAction","target":["http:\/\/www.hfc1912.hu\/new\/adatkezelesi-hozzajarulas\/"]}]},{"@type":"BreadcrumbList","@id":"http:\/\/www.hfc1912.hu\/new\/adatkezelesi-hozzajarulas\/#breadcrumb","itemListElement":[{"@type":"ListItem","position":1,"name":"Home","item":"http:\/\/www.hfc1912.hu\/new\/"},{"@type":"ListItem","position":2,"name":"Adatkezel\u00e9si hozz\u00e1j\u00e1rul\u00e1s"}]},{"@type":"WebSite","@id":"http:\/\/www.hfc1912.hu\/new\/#website","url":"http:\/\/www.hfc1912.hu\/new\/","name":"H\u00f3dmez\u0151v\u00e1s\u00e1rhelyi Futball Club","description":"H\u00f3dmez\u0151v\u00e1s\u00e1rhelyi Futball Club hivatalos honlapja","publisher":{"@id":"http:\/\/www.hfc1912.hu\/new\/#organization"},"potentialAction":[{"@type":"SearchAction","target":{"@type":"EntryPoint","urlTemplate":"http:\/\/www.hfc1912.hu\/new\/?s={search_term_string}"},"query-input":"required name=search_term_string"}],"inLanguage":"hu"},{"@type":"Organization","@id":"http:\/\/www.hfc1912.hu\/new\/#organization","name":"H\u00f3dmez\u0151v\u00e1s\u00e1rhelyi Futball Club","url":"http:\/\/www.hfc1912.hu\/new\/","sameAs":[],"logo":{"@type":"ImageObject","inLanguage":"hu","@id":"http:\/\/www.hfc1912.hu\/new\/#\/schema\/logo\/image\/","url":"http:\/\/www.hfc1912.hu\/new\/wp-content\/uploads\/2021\/12\/cropped-V\u00e9gleges_c\u00edmer_atlatszo150162.png","contentUrl":"http:\/\/www.hfc1912.hu\/new\/wp-content\/uploads\/2021\/12\/cropped-V\u00e9gleges_c\u00edmer_atlatszo150162.png","width":150,"height":162,"caption":"H\u00f3dmez\u0151v\u00e1s\u00e1rhelyi Futball Club"},"image":{"@id":"http:\/\/www.hfc1912.hu\/new\/#\/schema\/logo\/image\/"}}]}},"_links":{"self":[{"href":"http:\/\/www.hfc1912.hu\/new\/wp-json\/wp\/v2\/pages\/3715"}],"collection":[{"href":"http:\/\/www.hfc1912.hu\/new\/wp-json\/wp\/v2\/pages"}],"about":[{"href":"http:\/\/www.hfc1912.hu\/new\/wp-json\/wp\/v2\/types\/page"}],"author":[{"embeddable":true,"href":"http:\/\/www.hfc1912.hu\/new\/wp-json\/wp\/v2\/users\/1"}],"replies":[{"embeddable":true,"href":"http:\/\/www.hfc1912.hu\/new\/wp-json\/wp\/v2\/comments?post=3715"}],"version-history":[{"count":1,"href":"http:\/\/www.hfc1912.hu\/new\/wp-json\/wp\/v2\/pages\/3715\/revisions"}],"predecessor-version":[{"id":3716,"href":"http:\/\/www.hfc1912.hu\/new\/wp-json\/wp\/v2\/pages\/3715\/revisions\/3716"}],"wp:attachment":[{"href":"http:\/\/www.hfc1912.hu\/new\/wp-json\/wp\/v2\/media?parent=3715"}],"curies":[{"name":"wp","href":"https:\/\/api.w.org\/{rel}","templated":true}]}}