{"id":6249,"date":"2022-05-23T08:28:25","date_gmt":"2022-05-23T08:28:25","guid":{"rendered":"http:\/\/www.hfc1912.hu\/new\/?page_id=6249"},"modified":"2022-05-23T08:28:25","modified_gmt":"2022-05-23T08:28:25","slug":"hfc-fejlesztesek-a-varosi-stadionban","status":"publish","type":"page","link":"http:\/\/www.hfc1912.hu\/new\/hfc-fejlesztesek-a-varosi-stadionban\/","title":{"rendered":"HFC Fejleszt\u00e9sek a v\u00e1rosi stadionban"},"content":{"rendered":"<p>H\u00f3dmez\u0151v\u00e1s\u00e1rhelyi Futball Club, mint kedvezm\u00e9nyezett<br \/>\na K\u00f6z\u00f6ss\u00e9gi helysz\u00ednfejleszt\u00e9s a V\u00e1rosi Stadionban elnevez\u00e9s\u0171 projekt keret\u00e9ben<br \/>\n8.821.674 Ft, 100%-os t\u00e1mogat\u00e1sban<br \/>\nel\u0151ad\u00f3t\u00e9r \u00e9s b\u00fcf\u00e9 kialak\u00edt\u00e1s\u00e1t, eszk\u00f6z\u00f6k beszerz\u00e9s\u00e9t nyert t\u00e1mogat\u00e1st.<br \/>\nA projekt tervezett befejez\u00e9si d\u00e1tuma: 2022. 06. 30.<br \/>\nA projekt azonos\u00edt\u00f3 sz\u00e1ma:<br \/>\nTOP-7.1.1-16-H-ERFA-2021-00887<\/p>\n<p>A projekt t\u00e1mogat\u00f3i okirata <a href=\"http:\/\/www.hfc1912.hu\/new\/wp-content\/uploads\/2022\/05\/TOP-7.1.1-16-H-108-1.2-t\u00e1mogat\u00f3i-okirat.pdf\" target=\"_blank\" rel=\"noopener\">ide kattintva<\/a> \u00e9rhet\u0151 el.<\/p>\n<p>T\u00e1mogat\u00e1si k\u00e9relem adatlapj\u00e1t <a href=\"http:\/\/www.hfc1912.hu\/new\/wp-content\/uploads\/2022\/05\/TOP-7.1.1-16-H-108-1.2.pdf\" target=\"_blank\" rel=\"noopener\">itt tal\u00e1lja<\/a>.<\/p>\n<p><img loading=\"lazy\" class=\"aligncenter size-large wp-image-6246\" src=\"http:\/\/www.hfc1912.hu\/new\/wp-content\/uploads\/2022\/05\/CLLD_OK-819x1024.jpg\" alt=\"\" width=\"819\" height=\"1024\" srcset=\"http:\/\/www.hfc1912.hu\/new\/wp-content\/uploads\/2022\/05\/CLLD_OK-819x1024.jpg 819w, http:\/\/www.hfc1912.hu\/new\/wp-content\/uploads\/2022\/05\/CLLD_OK-240x300.jpg 240w, http:\/\/www.hfc1912.hu\/new\/wp-content\/uploads\/2022\/05\/CLLD_OK-768x960.jpg 768w, http:\/\/www.hfc1912.hu\/new\/wp-content\/uploads\/2022\/05\/CLLD_OK-102x128.jpg 102w, http:\/\/www.hfc1912.hu\/new\/wp-content\/uploads\/2022\/05\/CLLD_OK-26x32.jpg 26w, http:\/\/www.hfc1912.hu\/new\/wp-content\/uploads\/2022\/05\/CLLD_OK.jpg 1080w\" sizes=\"(max-width: 819px) 100vw, 819px\" \/><\/p>\n","protected":false},"excerpt":{"rendered":"<p>H\u00f3dmez\u0151v\u00e1s\u00e1rhelyi Futball Club, mint kedvezm\u00e9nyezett a K\u00f6z\u00f6ss\u00e9gi helysz\u00ednfejleszt\u00e9s a V\u00e1rosi Stadionban elnevez\u00e9s\u0171 projekt keret\u00e9ben 8.821.674 Ft, 100%-os t\u00e1mogat\u00e1sban el\u0151ad\u00f3t\u00e9r \u00e9s b\u00fcf\u00e9 kialak\u00edt\u00e1s\u00e1t, eszk\u00f6z\u00f6k beszerz\u00e9s\u00e9t nyert&#8230;<\/p>\n","protected":false},"author":1,"featured_media":0,"parent":0,"menu_order":0,"comment_status":"closed","ping_status":"closed","template":"","meta":[],"yoast_head":"<!-- This site is optimized with the Yoast SEO plugin v19.8 - https:\/\/yoast.com\/wordpress\/plugins\/seo\/ -->\n<title>HFC Fejleszt\u00e9sek a v\u00e1rosi stadionban - H\u00f3dmez\u0151v\u00e1s\u00e1rhelyi Futball Club<\/title>\n<meta name=\"robots\" content=\"index, follow, max-snippet:-1, max-image-preview:large, max-video-preview:-1\" \/>\n<link rel=\"canonical\" href=\"http:\/\/www.hfc1912.hu\/new\/hfc-fejlesztesek-a-varosi-stadionban\/\" \/>\n<meta property=\"og:locale\" content=\"hu_HU\" \/>\n<meta property=\"og:type\" content=\"article\" \/>\n<meta property=\"og:title\" content=\"HFC Fejleszt\u00e9sek a v\u00e1rosi stadionban - H\u00f3dmez\u0151v\u00e1s\u00e1rhelyi Futball Club\" \/>\n<meta property=\"og:description\" content=\"H\u00f3dmez\u0151v\u00e1s\u00e1rhelyi Futball Club, mint kedvezm\u00e9nyezett a K\u00f6z\u00f6ss\u00e9gi helysz\u00ednfejleszt\u00e9s a V\u00e1rosi Stadionban elnevez\u00e9s\u0171 projekt keret\u00e9ben 8.821.674 Ft, 100%-os t\u00e1mogat\u00e1sban el\u0151ad\u00f3t\u00e9r \u00e9s b\u00fcf\u00e9 kialak\u00edt\u00e1s\u00e1t, eszk\u00f6z\u00f6k beszerz\u00e9s\u00e9t nyert...\" \/>\n<meta property=\"og:url\" content=\"http:\/\/www.hfc1912.hu\/new\/hfc-fejlesztesek-a-varosi-stadionban\/\" \/>\n<meta property=\"og:site_name\" content=\"H\u00f3dmez\u0151v\u00e1s\u00e1rhelyi Futball Club\" \/>\n<meta property=\"og:image\" content=\"http:\/\/www.hfc1912.hu\/new\/wp-content\/uploads\/2022\/05\/CLLD_OK-819x1024.jpg\" \/>\n<meta name=\"twitter:card\" content=\"summary_large_image\" \/>\n<script type=\"application\/ld+json\" class=\"yoast-schema-graph\">{\"@context\":\"https:\/\/schema.org\",\"@graph\":[{\"@type\":\"WebPage\",\"@id\":\"http:\/\/www.hfc1912.hu\/new\/hfc-fejlesztesek-a-varosi-stadionban\/\",\"url\":\"http:\/\/www.hfc1912.hu\/new\/hfc-fejlesztesek-a-varosi-stadionban\/\",\"name\":\"HFC Fejleszt\u00e9sek a v\u00e1rosi stadionban - H\u00f3dmez\u0151v\u00e1s\u00e1rhelyi Futball Club\",\"isPartOf\":{\"@id\":\"http:\/\/www.hfc1912.hu\/new\/#website\"},\"datePublished\":\"2022-05-23T08:28:25+00:00\",\"dateModified\":\"2022-05-23T08:28:25+00:00\",\"breadcrumb\":{\"@id\":\"http:\/\/www.hfc1912.hu\/new\/hfc-fejlesztesek-a-varosi-stadionban\/#breadcrumb\"},\"inLanguage\":\"hu\",\"potentialAction\":[{\"@type\":\"ReadAction\",\"target\":[\"http:\/\/www.hfc1912.hu\/new\/hfc-fejlesztesek-a-varosi-stadionban\/\"]}]},{\"@type\":\"BreadcrumbList\",\"@id\":\"http:\/\/www.hfc1912.hu\/new\/hfc-fejlesztesek-a-varosi-stadionban\/#breadcrumb\",\"itemListElement\":[{\"@type\":\"ListItem\",\"position\":1,\"name\":\"Home\",\"item\":\"http:\/\/www.hfc1912.hu\/new\/\"},{\"@type\":\"ListItem\",\"position\":2,\"name\":\"HFC Fejleszt\u00e9sek a v\u00e1rosi stadionban\"}]},{\"@type\":\"WebSite\",\"@id\":\"http:\/\/www.hfc1912.hu\/new\/#website\",\"url\":\"http:\/\/www.hfc1912.hu\/new\/\",\"name\":\"H\u00f3dmez\u0151v\u00e1s\u00e1rhelyi Futball Club\",\"description\":\"H\u00f3dmez\u0151v\u00e1s\u00e1rhelyi Futball Club hivatalos honlapja\",\"publisher\":{\"@id\":\"http:\/\/www.hfc1912.hu\/new\/#organization\"},\"potentialAction\":[{\"@type\":\"SearchAction\",\"target\":{\"@type\":\"EntryPoint\",\"urlTemplate\":\"http:\/\/www.hfc1912.hu\/new\/?s={search_term_string}\"},\"query-input\":\"required name=search_term_string\"}],\"inLanguage\":\"hu\"},{\"@type\":\"Organization\",\"@id\":\"http:\/\/www.hfc1912.hu\/new\/#organization\",\"name\":\"H\u00f3dmez\u0151v\u00e1s\u00e1rhelyi Futball Club\",\"url\":\"http:\/\/www.hfc1912.hu\/new\/\",\"sameAs\":[],\"logo\":{\"@type\":\"ImageObject\",\"inLanguage\":\"hu\",\"@id\":\"http:\/\/www.hfc1912.hu\/new\/#\/schema\/logo\/image\/\",\"url\":\"http:\/\/www.hfc1912.hu\/new\/wp-content\/uploads\/2021\/12\/cropped-V\u00e9gleges_c\u00edmer_atlatszo150162.png\",\"contentUrl\":\"http:\/\/www.hfc1912.hu\/new\/wp-content\/uploads\/2021\/12\/cropped-V\u00e9gleges_c\u00edmer_atlatszo150162.png\",\"width\":150,\"height\":162,\"caption\":\"H\u00f3dmez\u0151v\u00e1s\u00e1rhelyi Futball Club\"},\"image\":{\"@id\":\"http:\/\/www.hfc1912.hu\/new\/#\/schema\/logo\/image\/\"}}]}<\/script>\n<!-- \/ Yoast SEO plugin. -->","yoast_head_json":{"title":"HFC Fejleszt\u00e9sek a v\u00e1rosi stadionban - H\u00f3dmez\u0151v\u00e1s\u00e1rhelyi Futball Club","robots":{"index":"index","follow":"follow","max-snippet":"max-snippet:-1","max-image-preview":"max-image-preview:large","max-video-preview":"max-video-preview:-1"},"canonical":"http:\/\/www.hfc1912.hu\/new\/hfc-fejlesztesek-a-varosi-stadionban\/","og_locale":"hu_HU","og_type":"article","og_title":"HFC Fejleszt\u00e9sek a v\u00e1rosi stadionban - H\u00f3dmez\u0151v\u00e1s\u00e1rhelyi Futball Club","og_description":"H\u00f3dmez\u0151v\u00e1s\u00e1rhelyi Futball Club, mint kedvezm\u00e9nyezett a K\u00f6z\u00f6ss\u00e9gi helysz\u00ednfejleszt\u00e9s a V\u00e1rosi Stadionban elnevez\u00e9s\u0171 projekt keret\u00e9ben 8.821.674 Ft, 100%-os t\u00e1mogat\u00e1sban el\u0151ad\u00f3t\u00e9r \u00e9s b\u00fcf\u00e9 kialak\u00edt\u00e1s\u00e1t, eszk\u00f6z\u00f6k beszerz\u00e9s\u00e9t nyert...","og_url":"http:\/\/www.hfc1912.hu\/new\/hfc-fejlesztesek-a-varosi-stadionban\/","og_site_name":"H\u00f3dmez\u0151v\u00e1s\u00e1rhelyi Futball Club","og_image":[{"url":"http:\/\/www.hfc1912.hu\/new\/wp-content\/uploads\/2022\/05\/CLLD_OK-819x1024.jpg"}],"twitter_card":"summary_large_image","schema":{"@context":"https:\/\/schema.org","@graph":[{"@type":"WebPage","@id":"http:\/\/www.hfc1912.hu\/new\/hfc-fejlesztesek-a-varosi-stadionban\/","url":"http:\/\/www.hfc1912.hu\/new\/hfc-fejlesztesek-a-varosi-stadionban\/","name":"HFC Fejleszt\u00e9sek a v\u00e1rosi stadionban - H\u00f3dmez\u0151v\u00e1s\u00e1rhelyi Futball Club","isPartOf":{"@id":"http:\/\/www.hfc1912.hu\/new\/#website"},"datePublished":"2022-05-23T08:28:25+00:00","dateModified":"2022-05-23T08:28:25+00:00","breadcrumb":{"@id":"http:\/\/www.hfc1912.hu\/new\/hfc-fejlesztesek-a-varosi-stadionban\/#breadcrumb"},"inLanguage":"hu","potentialAction":[{"@type":"ReadAction","target":["http:\/\/www.hfc1912.hu\/new\/hfc-fejlesztesek-a-varosi-stadionban\/"]}]},{"@type":"BreadcrumbList","@id":"http:\/\/www.hfc1912.hu\/new\/hfc-fejlesztesek-a-varosi-stadionban\/#breadcrumb","itemListElement":[{"@type":"ListItem","position":1,"name":"Home","item":"http:\/\/www.hfc1912.hu\/new\/"},{"@type":"ListItem","position":2,"name":"HFC Fejleszt\u00e9sek a v\u00e1rosi stadionban"}]},{"@type":"WebSite","@id":"http:\/\/www.hfc1912.hu\/new\/#website","url":"http:\/\/www.hfc1912.hu\/new\/","name":"H\u00f3dmez\u0151v\u00e1s\u00e1rhelyi Futball Club","description":"H\u00f3dmez\u0151v\u00e1s\u00e1rhelyi Futball Club hivatalos honlapja","publisher":{"@id":"http:\/\/www.hfc1912.hu\/new\/#organization"},"potentialAction":[{"@type":"SearchAction","target":{"@type":"EntryPoint","urlTemplate":"http:\/\/www.hfc1912.hu\/new\/?s={search_term_string}"},"query-input":"required name=search_term_string"}],"inLanguage":"hu"},{"@type":"Organization","@id":"http:\/\/www.hfc1912.hu\/new\/#organization","name":"H\u00f3dmez\u0151v\u00e1s\u00e1rhelyi Futball Club","url":"http:\/\/www.hfc1912.hu\/new\/","sameAs":[],"logo":{"@type":"ImageObject","inLanguage":"hu","@id":"http:\/\/www.hfc1912.hu\/new\/#\/schema\/logo\/image\/","url":"http:\/\/www.hfc1912.hu\/new\/wp-content\/uploads\/2021\/12\/cropped-V\u00e9gleges_c\u00edmer_atlatszo150162.png","contentUrl":"http:\/\/www.hfc1912.hu\/new\/wp-content\/uploads\/2021\/12\/cropped-V\u00e9gleges_c\u00edmer_atlatszo150162.png","width":150,"height":162,"caption":"H\u00f3dmez\u0151v\u00e1s\u00e1rhelyi Futball Club"},"image":{"@id":"http:\/\/www.hfc1912.hu\/new\/#\/schema\/logo\/image\/"}}]}},"_links":{"self":[{"href":"http:\/\/www.hfc1912.hu\/new\/wp-json\/wp\/v2\/pages\/6249"}],"collection":[{"href":"http:\/\/www.hfc1912.hu\/new\/wp-json\/wp\/v2\/pages"}],"about":[{"href":"http:\/\/www.hfc1912.hu\/new\/wp-json\/wp\/v2\/types\/page"}],"author":[{"embeddable":true,"href":"http:\/\/www.hfc1912.hu\/new\/wp-json\/wp\/v2\/users\/1"}],"replies":[{"embeddable":true,"href":"http:\/\/www.hfc1912.hu\/new\/wp-json\/wp\/v2\/comments?post=6249"}],"version-history":[{"count":1,"href":"http:\/\/www.hfc1912.hu\/new\/wp-json\/wp\/v2\/pages\/6249\/revisions"}],"predecessor-version":[{"id":6251,"href":"http:\/\/www.hfc1912.hu\/new\/wp-json\/wp\/v2\/pages\/6249\/revisions\/6251"}],"wp:attachment":[{"href":"http:\/\/www.hfc1912.hu\/new\/wp-json\/wp\/v2\/media?parent=6249"}],"curies":[{"name":"wp","href":"https:\/\/api.w.org\/{rel}","templated":true}]}}