{"id":760,"date":"2016-10-18T14:56:35","date_gmt":"2016-10-18T14:56:35","guid":{"rendered":"http:\/\/www.hfc1912.hu\/new\/?page_id=760"},"modified":"2026-04-15T20:24:40","modified_gmt":"2026-04-15T18:24:40","slug":"sporttamogatas-tao","status":"publish","type":"page","link":"http:\/\/www.hfc1912.hu\/new\/sporttamogatas-tao\/","title":{"rendered":"Sportt\u00e1mogat\u00e1s (TAO)"},"content":{"rendered":"<h3 style=\"text-align: left;\"><img loading=\"lazy\" class=\"aligncenter wp-image-774\" src=\"http:\/\/www.hfc1912.hu\/new\/wp-content\/uploads\/2016\/10\/hfc_tao_tam.jpg\" alt=\"hfc_tao_tam\" width=\"750\" height=\"280\" srcset=\"http:\/\/www.hfc1912.hu\/new\/wp-content\/uploads\/2016\/10\/hfc_tao_tam.jpg 950w, http:\/\/www.hfc1912.hu\/new\/wp-content\/uploads\/2016\/10\/hfc_tao_tam-300x112.jpg 300w, http:\/\/www.hfc1912.hu\/new\/wp-content\/uploads\/2016\/10\/hfc_tao_tam-768x287.jpg 768w, http:\/\/www.hfc1912.hu\/new\/wp-content\/uploads\/2016\/10\/hfc_tao_tam-128x48.jpg 128w, http:\/\/www.hfc1912.hu\/new\/wp-content\/uploads\/2016\/10\/hfc_tao_tam-32x12.jpg 32w\" sizes=\"(max-width: 750px) 100vw, 750px\" \/><\/h3>\n<h3>TAO t\u00e1mogat\u00e1s 2026\/2027<\/h3>\n<p>A H\u00f3dmez\u0151v\u00e1s\u00e1rhelyi Futball Club 2026\/2027-es MLSZ \u00e1ltal j\u00f3v\u00e1hagyott TAO hat\u00e1rozata let\u00f6lthet\u0151 <a href=\"http:\/\/www.hfc1912.hu\/new\/wp-content\/uploads\/2026\/04\/HFC-TAO-jovahagyo-vegzes-2026-2027.pdf\">innen<\/a>.<br \/>\nA 2026\/2027-es sportfejleszt\u00e9si programunk let\u00f6lthet\u0151 <a href=\"http:\/\/www.hfc1912.hu\/new\/wp-content\/uploads\/2026\/04\/HFC-TAO-sportfejlesztesi-program-2026-2027.pdf\">innen<\/a>.<\/p>\n<p>A H\u00f3dmez\u0151v\u00e1s\u00e1rhelyi Tigrisek Ut\u00e1np\u00f3tl\u00e1s Sportalap\u00edtv\u00e1ny 2026\/2027-es MLSZ \u00e1ltal j\u00f3v\u00e1hagyott TAO hat\u00e1rozata let\u00f6lthet\u0151 <a href=\"http:\/\/www.hfc1912.hu\/new\/wp-content\/uploads\/2026\/04\/HTUS-TAO-jovahagyo-vegzes-2026-2027.pdf\">innen<\/a>.<br \/>\nA H\u00f3dmez\u0151v\u00e1s\u00e1rhelyi Tigrisek Ut\u00e1np\u00f3tl\u00e1s Sportalap\u00edtv\u00e1ny 2026\/2027-es sportfejleszt\u00e9si programunk let\u00f6lthet\u0151 <a href=\"http:\/\/www.hfc1912.hu\/new\/wp-content\/uploads\/2026\/04\/HTUS-TAO-sportfejlesztesi-program-2026-2027.pdf\">innen<\/a>.<\/p>\n<h3>TAO t\u00e1mogat\u00e1s 2025\/2026<\/h3>\n<p>A H\u00f3dmez\u0151v\u00e1s\u00e1rhelyi Futball Club 2025\/2026-os MLSZ \u00e1ltal j\u00f3v\u00e1hagyott TAO hat\u00e1rozata let\u00f6lthet\u0151 <a href=\"http:\/\/www.hfc1912.hu\/new\/wp-content\/uploads\/2025\/05\/HFC-2025-26-TAO-jovahagyo-hatarozat.pdf\">innen<\/a>.<\/p>\n<p>A 2025\/2026-os sportfejleszt\u00e9si programunk let\u00f6lthet\u0151 <a href=\"http:\/\/www.hfc1912.hu\/new\/wp-content\/uploads\/2025\/05\/HFC-2025-26-TAO-sortfejlesztesi-program.pdf\">innen<\/a>.<\/p>\n<h3>TAO t\u00e1mogat\u00e1s 2024\/2025<\/h3>\n<p>A H\u00f3dmez\u0151v\u00e1s\u00e1rhelyi Futball Club 2024\/2025-\u00f6s MLSZ \u00e1ltal j\u00f3v\u00e1hagyott TAO hat\u00e1rozata let\u00f6lthet\u0151 <a href=\"http:\/\/www.hfc1912.hu\/new\/wp-content\/uploads\/2024\/05\/HFC-TAO-jovahagyo-hatarozat-2024-2025.pdf\" target=\"_blank\" rel=\"noopener\">innen<\/a>.<br \/>\nA 2024\/2025-\u00f6s sportfejleszt\u00e9si programunk let\u00f6lthet\u0151 <a href=\"http:\/\/www.hfc1912.hu\/new\/wp-content\/uploads\/2024\/05\/HFC-TAO-sportfejlesztesi-program-2024-2025.pdf\" target=\"_blank\" rel=\"noopener\">innen<\/a>.<\/p>\n<h3>TAO t\u00e1mogat\u00e1s 2023\/2024<\/h3>\n<p>A HFC 2023\/2024-es MLSZ \u00e1ltal j\u00f3v\u00e1hagyott TAO hat\u00e1rozata let\u00f6lthet\u0151 <a href=\"http:\/\/www.hfc1912.hu\/new\/wp-content\/uploads\/2023\/04\/HFC-2023-24-TAO-jovahagyo-vegzes.pdf\" target=\"_blank\" rel=\"noopener\">innen<\/a>.<br \/>\nA sportfejleszt\u00e9si programunk let\u00f6lthet\u0151 <a href=\"http:\/\/www.hfc1912.hu\/new\/wp-content\/uploads\/2023\/04\/HFC-2023-24-TAO-sportfejlesztesi-program-1.pdf\" target=\"_blank\" rel=\"noopener\">innen<\/a>.<\/p>\n<h3>TAO t\u00e1mogat\u00e1s 2022\/2023<\/h3>\n<p>A HFC 2022\/2023-as MLSZ \u00e1ltal j\u00f3v\u00e1hagyott TAO hat\u00e1rozata let\u00f6lthet\u0151 <a href=\"http:\/\/www.hfc1912.hu\/new\/wp-content\/uploads\/2022\/05\/HFC-2022-23-TAO-j\u00f3v\u00e1hagy\u00f3-v\u00e9gz\u00e9s.pdf\" target=\"_blank\" rel=\"noopener\">innen<\/a>.<br \/>\nA sportfejleszt\u00e9si programunk let\u00f6lthet\u0151 <a href=\"http:\/\/www.hfc1912.hu\/new\/wp-content\/uploads\/2022\/05\/HFC-2022-23-TAO-sportfejleszt\u00e9si-program.pdf\" target=\"_blank\" rel=\"noopener\">innen<\/a>.<\/p>\n<p>A HFC 2022\/2023-as MLSZ \u00e1ltal j\u00f3v\u00e1hagyott TAO ingatlanfejleszt\u00e9si hat\u00e1rozata let\u00f6lthet\u0151\u00a0<a href=\"https:\/\/drive.google.com\/file\/d\/1-FASTaEU5ks7ortSn9G0_194VcjrlECm\/view?usp=sharing\" target=\"_blank\" rel=\"noopener\">innen<\/a>.<br \/>\nAz ingatlanfejleszt\u00e9si programunk let\u00f6lthet\u0151 <a href=\"https:\/\/drive.google.com\/file\/d\/15-OHiMwhjQJePSh6BIhYJ8tC3FRxhE_q\/view?usp=sharing\" target=\"_blank\" rel=\"noopener\">innen<\/a>.<\/p>\n<h3>TAO t\u00e1mogat\u00e1s 2021\/2022<\/h3>\n<p>A HFC 2021\/2022-es MLSZ \u00e1ltal j\u00f3v\u00e1hagyott TAO hat\u00e1rozata let\u00f6lthet\u0151 <a href=\"http:\/\/www.hfc1912.hu\/new\/wp-content\/uploads\/2021\/05\/HFC-TAO-j\u00f3v\u00e1hagy\u00f3-v\u00e9gz\u00e9s-2021-22.pdf\" target=\"_blank\" rel=\"noopener\">innen<\/a>.<br \/>\nA sportfejleszt\u00e9si programunk let\u00f6lthet\u0151 <a href=\"http:\/\/www.hfc1912.hu\/new\/wp-content\/uploads\/2021\/05\/HFC-TAO-sportfejleszt\u00e9si-program-2021-22.pdf\" target=\"_blank\" rel=\"noopener\">innen<\/a>.<\/p>\n<h3>TAO t\u00e1mogat\u00e1s 2020\/2021<\/h3>\n<p>A HFC 2020\/21-es MLSZ \u00e1ltal j\u00f3v\u00e1hagyott TAO hat\u00e1rozata let\u00f6lthet\u0151 <a href=\"http:\/\/www.hfc1912.hu\/new\/wp-content\/uploads\/2020\/05\/sfp_jh_000_36166_2020_mlsz_2020-05-01_1588354818_1588609288.pdf\">innen<\/a>.<br \/>\nA sportfejleszt\u00e9si programunk let\u00f6lthet\u0151 <a href=\"http:\/\/www.hfc1912.hu\/new\/wp-content\/uploads\/2020\/05\/sfp_kerelem_36166_20200226_1582710842_1582710847.pdf\">innen<\/a>.<\/p>\n<h3>TAO t\u00e1mogat\u00e1s 2019\/2020<\/h3>\n<p>A HFC 2019\/20-as MLSZ \u00e1ltal j\u00f3v\u00e1hagyott TAO hat\u00e1rozata let\u00f6lthet\u0151 <a href=\"http:\/\/www.hfc1912.hu\/new\/wp-content\/uploads\/2019\/09\/HFC-j\u00f3v\u00e1hagy\u00f3-hat\u00e1rozat-2019-20.pdf\">innen<\/a>.<br \/>\nA sportfejleszt\u00e9si programunk let\u00f6lthet\u0151 <a href=\"http:\/\/www.hfc1912.hu\/new\/wp-content\/uploads\/2019\/09\/HFC-sportfejleszt\u00e9si-program-2019-20.pdf\">innen<\/a>.<\/p>\n<h3>TAO t\u00e1mogat\u00e1s 2018\/2019<\/h3>\n<p>A HFC 2018\/19-es MLSZ \u00e1ltal j\u00f3v\u00e1hagyott TAO hat\u00e1rozata let\u00f6lthet\u0151 <a href=\"http:\/\/www.hfc1912.hu\/new\/wp-content\/uploads\/2018\/09\/HFC-j\u00f3v\u00e1hagy\u00f3-v\u00e9gz\u00e9s-18-19.pdf\">innen<\/a>.<br \/>\nA sportfejleszt\u00e9si programunk let\u00f6lthet\u0151 <a href=\"http:\/\/www.hfc1912.hu\/new\/wp-content\/uploads\/2018\/09\/HFC-sportfejleszt\u00e9si-program-18-19.pdf\">innen<\/a>.<\/p>\n<h3>TAO t\u00e1mogat\u00e1s 2017\/2018<\/h3>\n<p>A HFC 2017\/18-as MLSZ \u00e1ltal j\u00f3v\u00e1hagyott TAO hat\u00e1rozata let\u00f6lthet\u0151 <a href=\"http:\/\/www.hfc1912.hu\/new\/wp-content\/uploads\/2017\/11\/HFC-j\u00f3v\u00e1hagy\u00f3-hat\u00e1rozat-2017-18.pdf\" target=\"_blank\" rel=\"noopener\">innen<\/a>.<br \/>\nA sportfejleszt\u00e9si programunk let\u00f6lthet\u0151 <a href=\"http:\/\/www.hfc1912.hu\/new\/wp-content\/uploads\/2017\/11\/HFC-sportfejleszt\u00e9si-program-2017-18.pdf\" target=\"_blank\" rel=\"noopener\">innen<\/a>.<\/p>\n<h3>TAO t\u00e1mogat\u00e1s 2016\/2017<\/h3>\n<p>A HFC 2017\/18-as MLSZ \u00e1ltal j\u00f3v\u00e1hagyott TAO hat\u00e1rozata let\u00f6lthet\u0151 <a href=\"http:\/\/www.hfc1912.hu\/new\/wp-content\/uploads\/2018\/04\/HFC-j%C3%B3v%C3%A1hagy%C3%B3-hat%C3%A1rozat-16-17-m%C3%B3dos%C3%ADtott.pdf\" target=\"_blank\" rel=\"noopener\">innen<\/a>.<br \/>\nA sportfejleszt\u00e9si programunk let\u00f6lthet\u0151 <a href=\"http:\/\/www.hfc1912.hu\/new\/wp-content\/uploads\/2018\/04\/HFC-sportfejleszt%C3%A9si-program-16-17.pdf\" target=\"_blank\" rel=\"noopener\">innen<\/a>.<\/p>\n<h3 style=\"text-align: left;\">TAO t\u00e1mogat\u00e1s 2015\/2016.<\/h3>\n<p>A HFC 2015\/16-os MLSZ \u00e1ltal j\u00f3v\u00e1hagyott TAO hat\u00e1rozata let\u00f6lthet\u0151 <a href=\"http:\/\/www.hfc1912.hu\/new\/wp-content\/uploads\/2016\/10\/HFC_2015_16_jovahagyo_hatarozat.pdf\">innen<\/a>.<\/p>\n<p>A sportfejleszt\u00e9si programunk let\u00f6lthet\u0151<a href=\"http:\/\/www.hfc1912.hu\/new\/wp-content\/uploads\/2016\/10\/HFC_2015_16_sportfejlesztesi_program.pdf\"> innen<\/a>.<\/p>\n<h3>TAO t\u00e1mogat\u00e1s 2014\/2015.<\/h3>\n<p>A HFC 2014\/15-\u00f6s MLSZ \u00e1ltal j\u00f3v\u00e1hagyott TAO hat\u00e1rozata let\u00f6lthet\u0151 <a href=\"http:\/\/www.hfc1912.hu\/new\/wp-content\/uploads\/2016\/10\/jovahagyo_hatarozat__HFC_2014_15.pdf\">innen<\/a>.<\/p>\n<p>A sportfejleszt\u00e9si programunk let\u00f6lthet\u0151 <a href=\"http:\/\/www.hfc1912.hu\/new\/wp-content\/uploads\/2016\/10\/sportfejlesztesi_program__HFC_14_15_elfogadott.pdf\">innen<\/a>.<\/p>\n<h3>TAO t\u00e1mogat\u00e1s 2013\/2014.<\/h3>\n<p>A HFC 2013\/14-es MLSZ \u00e1ltal j\u00f3v\u00e1hagyott TAO hat\u00e1rozata let\u00f6lthet\u0151 <a href=\"http:\/\/www.hfc1912.hu\/new\/wp-content\/uploads\/2016\/10\/HFC_jovahagyo_TAO_hatarozat_2013_14.pdf\">innen<\/a>.<\/p>\n<p>A sportfejleszt\u00e9si programunk let\u00f6lthet\u0151 <a href=\"http:\/\/www.hfc1912.hu\/new\/wp-content\/uploads\/2016\/10\/HFC_sportfejlesztesi_program.pdf\">innen<\/a>.<\/p>\n<h3>TAO t\u00e1mogat\u00e1s 2012\/2013.<\/h3>\n<p>A HFC 2012\/13-as MLSZ \u00e1ltal j\u00f3v\u00e1hagyott TAO hat\u00e1rozata let\u00f6lthet\u0151 <a href=\"http:\/\/www.hfc1912.hu\/new\/wp-content\/uploads\/2016\/10\/HFC_TAO_modosito_hatarozat_2012_13.pdf\">innen<\/a>.<\/p>\n<h3>TAO t\u00e1mogat\u00e1s 2011\/2012.<\/h3>\n<p>A 2011. \u00e9vi sporttal \u00f6sszef\u00fcgg\u0151 elfogadott <a href=\"http:\/\/www.hfc1912.hu\/new\/wp-content\/uploads\/2016\/10\/2012_sporttorveny.pdf\">t\u00f6rv\u00e9nym\u00f3dos\u00edt\u00e1sok<\/a> lehet\u0151s\u00e9get adnak a l\u00e1tv\u00e1ny-csapatsport\u00e1gak (labdar\u00fag\u00e1s, k\u00e9zilabda, kos\u00e1rlabda, v\u00edzilabda, j\u00e9gkorong) gazdas\u00e1gi t\u00e1rsas\u00e1gok nyeres\u00e9gad\u00f3j\u00e1b\u00f3l t\u00f6rt\u00e9n\u0151 finansz\u00edroz\u00e1s\u00e1ra, sportt\u00e1mogat\u00e1shoz kapcsol\u00f3d\u00f3 ad\u00f3kedvezm\u00e9ny ig\u00e9nybev\u00e9tel\u00e9re.<\/p>\n<p>A 2011. \u00e9vi LXXXII. t\u00f6rv\u00e9ny \u00e9s a Korm\u00e1ny 107\/2011. (VI.30.) sz\u00e1m\u00fa rendelete szerint a t\u00e1mogat\u00f3 v\u00e1llalatok t\u00e1rsas\u00e1gi-ad\u00f3 alapj\u00e1nak terh\u00e9re olyan sportszervezeteknek (sportegyes\u00fclet vagy sportv\u00e1llalkoz\u00e1s) adhatnak t\u00e1mogat\u00e1st, amelyek orsz\u00e1gos sz\u00f6vets\u00e9gi tagok \u00e9s r\u00e9szt vesznek annak versenyrendszer\u00e9ben.<\/p>\n<p>A H\u00f3dmez\u0151v\u00e1s\u00e1rhelyi Futball Club is jogosult t\u00e1mogat\u00e1sra, a j\u00f3v\u00e1hagy\u00f3 hat\u00e1rozat let\u00f6lthet\u0151 innen. E dokumentum szerint az <a href=\"http:\/\/www.hfc1912.hu\/new\/wp-content\/uploads\/2016\/10\/sportfejlesztesi_koncepcio__HFC.pdf\">egyes\u00fclet\u00fcnk sportfejleszt\u00e9si programj\u00e1t<\/a> j\u00f3v\u00e1hagyta a MLSZ.<\/p>\n<p>Mi\u00e9rt \u00e9ri meg t\u00e1mogat\u00e1st adni?<\/p>\n<p>A v\u00e1llalat \u00e1ltal ny\u00fajtott k\u00f6zvetett t\u00e1mogat\u00e1s ad\u00f3alap \u00e9s <a href=\"http:\/\/www.sportfejlesztes.hu\/tao-felajanlas-a-gyakorlatban\">ad\u00f3cs\u00f6kkent\u0151 hat\u00e1sa<\/a> az ad\u00f3z\u00e1s ut\u00e1ni eredm\u00e9nyt n\u00f6veli, \u00e9s a k\u00f6vetkez\u0151 \u00e9vi ad\u00f3el\u0151leg fizet\u00e9si k\u00f6telezetts\u00e9get jelent\u0151s m\u00e9rt\u00e9kben cs\u00f6kkenti.<\/p>\n","protected":false},"excerpt":{"rendered":"<p>TAO t\u00e1mogat\u00e1s 2026\/2027 A H\u00f3dmez\u0151v\u00e1s\u00e1rhelyi Futball Club 2026\/2027-es MLSZ \u00e1ltal j\u00f3v\u00e1hagyott TAO hat\u00e1rozata let\u00f6lthet\u0151 innen. A 2026\/2027-es sportfejleszt\u00e9si programunk let\u00f6lthet\u0151 innen. A H\u00f3dmez\u0151v\u00e1s\u00e1rhelyi Tigrisek Ut\u00e1np\u00f3tl\u00e1s&#8230;<\/p>\n","protected":false},"author":1,"featured_media":0,"parent":0,"menu_order":3,"comment_status":"closed","ping_status":"closed","template":"","meta":[],"yoast_head":"<!-- This site is optimized with the Yoast SEO plugin v19.8 - https:\/\/yoast.com\/wordpress\/plugins\/seo\/ -->\n<title>Sportt\u00e1mogat\u00e1s (TAO) - H\u00f3dmez\u0151v\u00e1s\u00e1rhelyi Futball Club<\/title>\n<meta name=\"robots\" content=\"index, follow, max-snippet:-1, max-image-preview:large, max-video-preview:-1\" \/>\n<link rel=\"canonical\" href=\"http:\/\/www.hfc1912.hu\/new\/sporttamogatas-tao\/\" \/>\n<meta property=\"og:locale\" content=\"hu_HU\" \/>\n<meta property=\"og:type\" content=\"article\" \/>\n<meta property=\"og:title\" content=\"Sportt\u00e1mogat\u00e1s (TAO) - H\u00f3dmez\u0151v\u00e1s\u00e1rhelyi Futball Club\" \/>\n<meta property=\"og:description\" content=\"TAO t\u00e1mogat\u00e1s 2026\/2027 A H\u00f3dmez\u0151v\u00e1s\u00e1rhelyi Futball Club 2026\/2027-es MLSZ \u00e1ltal j\u00f3v\u00e1hagyott TAO hat\u00e1rozata let\u00f6lthet\u0151 innen. A 2026\/2027-es sportfejleszt\u00e9si programunk let\u00f6lthet\u0151 innen. A H\u00f3dmez\u0151v\u00e1s\u00e1rhelyi Tigrisek Ut\u00e1np\u00f3tl\u00e1s...\" \/>\n<meta property=\"og:url\" content=\"http:\/\/www.hfc1912.hu\/new\/sporttamogatas-tao\/\" \/>\n<meta property=\"og:site_name\" content=\"H\u00f3dmez\u0151v\u00e1s\u00e1rhelyi Futball Club\" \/>\n<meta property=\"article:modified_time\" content=\"2026-04-15T18:24:40+00:00\" \/>\n<meta property=\"og:image\" content=\"http:\/\/www.hfc1912.hu\/new\/wp-content\/uploads\/2016\/10\/hfc_tao_tam.jpg\" \/>\n<meta name=\"twitter:card\" content=\"summary_large_image\" \/>\n<meta name=\"twitter:label1\" content=\"Est. reading time\" \/>\n\t<meta name=\"twitter:data1\" content=\"3 perc\" \/>\n<script type=\"application\/ld+json\" class=\"yoast-schema-graph\">{\"@context\":\"https:\/\/schema.org\",\"@graph\":[{\"@type\":\"WebPage\",\"@id\":\"http:\/\/www.hfc1912.hu\/new\/sporttamogatas-tao\/\",\"url\":\"http:\/\/www.hfc1912.hu\/new\/sporttamogatas-tao\/\",\"name\":\"Sportt\u00e1mogat\u00e1s (TAO) - H\u00f3dmez\u0151v\u00e1s\u00e1rhelyi Futball Club\",\"isPartOf\":{\"@id\":\"http:\/\/www.hfc1912.hu\/new\/#website\"},\"datePublished\":\"2016-10-18T14:56:35+00:00\",\"dateModified\":\"2026-04-15T18:24:40+00:00\",\"breadcrumb\":{\"@id\":\"http:\/\/www.hfc1912.hu\/new\/sporttamogatas-tao\/#breadcrumb\"},\"inLanguage\":\"hu\",\"potentialAction\":[{\"@type\":\"ReadAction\",\"target\":[\"http:\/\/www.hfc1912.hu\/new\/sporttamogatas-tao\/\"]}]},{\"@type\":\"BreadcrumbList\",\"@id\":\"http:\/\/www.hfc1912.hu\/new\/sporttamogatas-tao\/#breadcrumb\",\"itemListElement\":[{\"@type\":\"ListItem\",\"position\":1,\"name\":\"Home\",\"item\":\"http:\/\/www.hfc1912.hu\/new\/\"},{\"@type\":\"ListItem\",\"position\":2,\"name\":\"Sportt\u00e1mogat\u00e1s (TAO)\"}]},{\"@type\":\"WebSite\",\"@id\":\"http:\/\/www.hfc1912.hu\/new\/#website\",\"url\":\"http:\/\/www.hfc1912.hu\/new\/\",\"name\":\"H\u00f3dmez\u0151v\u00e1s\u00e1rhelyi Futball Club\",\"description\":\"H\u00f3dmez\u0151v\u00e1s\u00e1rhelyi Futball Club hivatalos honlapja\",\"publisher\":{\"@id\":\"http:\/\/www.hfc1912.hu\/new\/#organization\"},\"potentialAction\":[{\"@type\":\"SearchAction\",\"target\":{\"@type\":\"EntryPoint\",\"urlTemplate\":\"http:\/\/www.hfc1912.hu\/new\/?s={search_term_string}\"},\"query-input\":\"required name=search_term_string\"}],\"inLanguage\":\"hu\"},{\"@type\":\"Organization\",\"@id\":\"http:\/\/www.hfc1912.hu\/new\/#organization\",\"name\":\"H\u00f3dmez\u0151v\u00e1s\u00e1rhelyi Futball Club\",\"url\":\"http:\/\/www.hfc1912.hu\/new\/\",\"sameAs\":[],\"logo\":{\"@type\":\"ImageObject\",\"inLanguage\":\"hu\",\"@id\":\"http:\/\/www.hfc1912.hu\/new\/#\/schema\/logo\/image\/\",\"url\":\"http:\/\/www.hfc1912.hu\/new\/wp-content\/uploads\/2021\/12\/cropped-V\u00e9gleges_c\u00edmer_atlatszo150162.png\",\"contentUrl\":\"http:\/\/www.hfc1912.hu\/new\/wp-content\/uploads\/2021\/12\/cropped-V\u00e9gleges_c\u00edmer_atlatszo150162.png\",\"width\":150,\"height\":162,\"caption\":\"H\u00f3dmez\u0151v\u00e1s\u00e1rhelyi Futball Club\"},\"image\":{\"@id\":\"http:\/\/www.hfc1912.hu\/new\/#\/schema\/logo\/image\/\"}}]}<\/script>\n<!-- \/ Yoast SEO plugin. -->","yoast_head_json":{"title":"Sportt\u00e1mogat\u00e1s (TAO) - H\u00f3dmez\u0151v\u00e1s\u00e1rhelyi Futball Club","robots":{"index":"index","follow":"follow","max-snippet":"max-snippet:-1","max-image-preview":"max-image-preview:large","max-video-preview":"max-video-preview:-1"},"canonical":"http:\/\/www.hfc1912.hu\/new\/sporttamogatas-tao\/","og_locale":"hu_HU","og_type":"article","og_title":"Sportt\u00e1mogat\u00e1s (TAO) - H\u00f3dmez\u0151v\u00e1s\u00e1rhelyi Futball Club","og_description":"TAO t\u00e1mogat\u00e1s 2026\/2027 A H\u00f3dmez\u0151v\u00e1s\u00e1rhelyi Futball Club 2026\/2027-es MLSZ \u00e1ltal j\u00f3v\u00e1hagyott TAO hat\u00e1rozata let\u00f6lthet\u0151 innen. A 2026\/2027-es sportfejleszt\u00e9si programunk let\u00f6lthet\u0151 innen. A H\u00f3dmez\u0151v\u00e1s\u00e1rhelyi Tigrisek Ut\u00e1np\u00f3tl\u00e1s...","og_url":"http:\/\/www.hfc1912.hu\/new\/sporttamogatas-tao\/","og_site_name":"H\u00f3dmez\u0151v\u00e1s\u00e1rhelyi Futball Club","article_modified_time":"2026-04-15T18:24:40+00:00","og_image":[{"url":"http:\/\/www.hfc1912.hu\/new\/wp-content\/uploads\/2016\/10\/hfc_tao_tam.jpg"}],"twitter_card":"summary_large_image","twitter_misc":{"Est. reading time":"3 perc"},"schema":{"@context":"https:\/\/schema.org","@graph":[{"@type":"WebPage","@id":"http:\/\/www.hfc1912.hu\/new\/sporttamogatas-tao\/","url":"http:\/\/www.hfc1912.hu\/new\/sporttamogatas-tao\/","name":"Sportt\u00e1mogat\u00e1s (TAO) - H\u00f3dmez\u0151v\u00e1s\u00e1rhelyi Futball Club","isPartOf":{"@id":"http:\/\/www.hfc1912.hu\/new\/#website"},"datePublished":"2016-10-18T14:56:35+00:00","dateModified":"2026-04-15T18:24:40+00:00","breadcrumb":{"@id":"http:\/\/www.hfc1912.hu\/new\/sporttamogatas-tao\/#breadcrumb"},"inLanguage":"hu","potentialAction":[{"@type":"ReadAction","target":["http:\/\/www.hfc1912.hu\/new\/sporttamogatas-tao\/"]}]},{"@type":"BreadcrumbList","@id":"http:\/\/www.hfc1912.hu\/new\/sporttamogatas-tao\/#breadcrumb","itemListElement":[{"@type":"ListItem","position":1,"name":"Home","item":"http:\/\/www.hfc1912.hu\/new\/"},{"@type":"ListItem","position":2,"name":"Sportt\u00e1mogat\u00e1s (TAO)"}]},{"@type":"WebSite","@id":"http:\/\/www.hfc1912.hu\/new\/#website","url":"http:\/\/www.hfc1912.hu\/new\/","name":"H\u00f3dmez\u0151v\u00e1s\u00e1rhelyi Futball Club","description":"H\u00f3dmez\u0151v\u00e1s\u00e1rhelyi Futball Club hivatalos honlapja","publisher":{"@id":"http:\/\/www.hfc1912.hu\/new\/#organization"},"potentialAction":[{"@type":"SearchAction","target":{"@type":"EntryPoint","urlTemplate":"http:\/\/www.hfc1912.hu\/new\/?s={search_term_string}"},"query-input":"required name=search_term_string"}],"inLanguage":"hu"},{"@type":"Organization","@id":"http:\/\/www.hfc1912.hu\/new\/#organization","name":"H\u00f3dmez\u0151v\u00e1s\u00e1rhelyi Futball Club","url":"http:\/\/www.hfc1912.hu\/new\/","sameAs":[],"logo":{"@type":"ImageObject","inLanguage":"hu","@id":"http:\/\/www.hfc1912.hu\/new\/#\/schema\/logo\/image\/","url":"http:\/\/www.hfc1912.hu\/new\/wp-content\/uploads\/2021\/12\/cropped-V\u00e9gleges_c\u00edmer_atlatszo150162.png","contentUrl":"http:\/\/www.hfc1912.hu\/new\/wp-content\/uploads\/2021\/12\/cropped-V\u00e9gleges_c\u00edmer_atlatszo150162.png","width":150,"height":162,"caption":"H\u00f3dmez\u0151v\u00e1s\u00e1rhelyi Futball Club"},"image":{"@id":"http:\/\/www.hfc1912.hu\/new\/#\/schema\/logo\/image\/"}}]}},"_links":{"self":[{"href":"http:\/\/www.hfc1912.hu\/new\/wp-json\/wp\/v2\/pages\/760"}],"collection":[{"href":"http:\/\/www.hfc1912.hu\/new\/wp-json\/wp\/v2\/pages"}],"about":[{"href":"http:\/\/www.hfc1912.hu\/new\/wp-json\/wp\/v2\/types\/page"}],"author":[{"embeddable":true,"href":"http:\/\/www.hfc1912.hu\/new\/wp-json\/wp\/v2\/users\/1"}],"replies":[{"embeddable":true,"href":"http:\/\/www.hfc1912.hu\/new\/wp-json\/wp\/v2\/comments?post=760"}],"version-history":[{"count":27,"href":"http:\/\/www.hfc1912.hu\/new\/wp-json\/wp\/v2\/pages\/760\/revisions"}],"predecessor-version":[{"id":8685,"href":"http:\/\/www.hfc1912.hu\/new\/wp-json\/wp\/v2\/pages\/760\/revisions\/8685"}],"wp:attachment":[{"href":"http:\/\/www.hfc1912.hu\/new\/wp-json\/wp\/v2\/media?parent=760"}],"curies":[{"name":"wp","href":"https:\/\/api.w.org\/{rel}","templated":true}]}}